{"id":491,"date":"2026-02-26T16:10:38","date_gmt":"2026-02-26T15:10:38","guid":{"rendered":"https:\/\/www.villa-artistes.com\/politique-de-confidentialite\/"},"modified":"2026-02-26T18:30:44","modified_gmt":"2026-02-26T17:30:44","slug":"politica-de-privacidad","status":"publish","type":"page","link":"https:\/\/www.villa-artistes.com\/es\/politica-de-privacidad\/","title":{"rendered":"Pol\u00edtica de Privacidad"},"content":{"rendered":"<p>La presente pol\u00edtica de privacidad se aplica a todos los sitios y plataformas gestionados por el H\u00f4tel Villa des Artistes, con n\u00famero de SIRET 31092291900017, cuya sede social se encuentra en 9 Rue de la Grande Chaumi\u00e8re, 75006 Par\u00eds, representado por la Sra. Corinne EUSTACHE en su calidad de directora.<br \/>\nEl sitio web del H\u00f4tel Villa des Artistes es accesible en la URL: <a href=\"https:\/\/www.villa-artistes.com\/\">https:\/\/www.villa-artistes.com\/<\/a> (en adelante, el \u201cSitio\u201d).<\/p>\n<p>El H\u00f4tel Villa des Artistes, preocupado por los derechos de los individuos, especialmente con respecto a los tratamientos automatizados y con un enfoque de transparencia hacia sus clientes, ha implementado una pol\u00edtica que detalla todos estos tratamientos, sus finalidades y los medios disponibles para que los individuos puedan ejercer de manera \u00f3ptima sus derechos.<\/p>\n<p>El H\u00f4tel Villa des Artistes se compromete a implementar medidas adecuadas para la protecci\u00f3n, confidencialidad y seguridad de los Datos Personales, de conformidad con la normativa vigente en Francia y en la Uni\u00f3n Europea, en particular el Reglamento General de Protecci\u00f3n de Datos (UE) 2016\/679 de 27 de abril de 2016 y las leyes nacionales aplicables.<\/p>\n<p>Para obtener m\u00e1s informaci\u00f3n sobre la protecci\u00f3n de datos personales, le invitamos a consultar el sitio: <a href=\"https:\/\/www.cnil.fr\/\">https:\/\/www.cnil.fr\/<\/a><\/p>\n<p>El H\u00f4tel Villa des Artistes le invita a leer atentamente esta Pol\u00edtica para conocer y comprender los tratamientos relacionados con los Datos Personales.<\/p>\n<p>En todo caso, nos comprometemos a respetar los siguientes dos (2) principios esenciales:<\/p>\n<ul>\n<li>El individuo sigue siendo propietario de sus datos personales;<\/li>\n<li>Los datos se tratan de manera transparente, confidencial y segura.<\/li>\n<\/ul>\n<p>&nbsp;<\/p>\n<h3><strong>1. Identidad del responsable del tratamiento<\/strong><\/h3>\n<p>El H\u00f4tel Villa des Artistes, registrado en el registro mercantil y de sociedades de PAR\u00cdS con n\u00famero de SIRET <strong>31092291900017<\/strong>, con sede social en <strong>9 Rue de la Grande Chaumi\u00e8re, 75006 Par\u00eds<\/strong>.<\/p>\n<p>El H\u00f4tel Villa des Artistes act\u00faa como responsable del tratamiento para las siguientes actividades:<\/p>\n<ol>\n<li>Gesti\u00f3n de solicitudes de contacto<\/li>\n<li>Gesti\u00f3n de reservas de estancias<\/li>\n<li>Cookies<\/li>\n<\/ol>\n<p>&nbsp;<\/p>\n<h3><strong>2. Datos de contacto de nuestro DPO<\/strong><\/h3>\n<p>Nuestro Delegado de Protecci\u00f3n de Datos (en adelante, \u201cDPO\u201d) est\u00e1 disponible para responder todas las solicitudes, incluyendo aquellas relacionadas con el ejercicio de sus derechos sobre sus datos personales.<\/p>\n<p>Puede contactarlo:<\/p>\n<ul>\n<li>Por correo electr\u00f3nico: <strong><a href=\"mailto:dpo-hotelvilla@elystel.com\">dpo-hotelvilla@elystel.com<\/a> <\/strong><\/li>\n<li>Por correo postal: <strong>9 Rue de la Grande Chaumi\u00e8re, 75006 Par\u00eds<\/strong><\/li>\n<\/ul>\n<p>&nbsp;<\/p>\n<h3><strong>3. Recopilaci\u00f3n y origen de los datos<\/strong><\/h3>\n<p>A trav\u00e9s del sitio web, el H\u00f4tel Villa des Artistes y sus socios procesan datos personales que le conciernen. Consideramos que estos datos provienen directamente de usted.<\/p>\n<p>En todo caso, se le informa sobre los fines para los cuales sus datos son recopilados mediante los distintos formularios de recogida de datos en l\u00ednea o mediante nuestra Pol\u00edtica de Cookies.<\/p>\n<p>Sus datos personales recopilados por el H\u00f4tel Villa des Artistes se tratan de conformidad con los fines previstos en el momento de la recopilaci\u00f3n, respetando el RGPD y las directrices de la CNIL.<\/p>\n<p>&nbsp;<\/p>\n<h3><strong>4. Finalidades del tratamiento y bases legales<\/strong><\/h3>\n<p>A continuaci\u00f3n, se detallan las actividades de tratamiento de informaci\u00f3n que le conciernen.<\/p>\n<p>&nbsp;<\/p>\n<p><strong>4.1. Gesti\u00f3n de solicitudes de contacto<\/strong><\/p>\n<p>Cuando nos proporciona sus datos personales para esta actividad, se tratan con los siguientes fines:<\/p>\n<ul>\n<li>Atender solicitudes de contacto<\/li>\n<li>Responder a consultas recibidas a trav\u00e9s del formulario del sitio<\/li>\n<\/ul>\n<p><strong>Base legal:<\/strong> el tratamiento se basa en su consentimiento.<\/p>\n<p>&nbsp;<\/p>\n<p><strong>4.2. Gesti\u00f3n de reservas de estancias<\/strong><\/p>\n<p>Cuando nos proporciona sus datos personales para esta actividad, se tratan con los siguientes fines:<\/p>\n<ul>\n<li>Recepci\u00f3n de solicitudes de reserva<\/li>\n<li>Gesti\u00f3n de reservas<\/li>\n<\/ul>\n<p><strong>Base legal:<\/strong> el tratamiento es necesario para la ejecuci\u00f3n de medidas precontractuales.<\/p>\n<p>&nbsp;<\/p>\n<p><strong>4.3. Cookies<\/strong><\/p>\n<ul>\n<li>Las operaciones relacionadas con este tratamiento cubren los siguientes objetivos:<\/li>\n<li>Seguimiento de la navegaci\u00f3n en el sitio<\/li>\n<li>Medici\u00f3n de audiencia<\/li>\n<li>Realizaci\u00f3n o facilitaci\u00f3n de la transmisi\u00f3n de una comunicaci\u00f3n a trav\u00e9s de una red de comunicaciones electr\u00f3nicas<\/li>\n<li>Prestaci\u00f3n de un servicio de la sociedad de la informaci\u00f3n solicitado expresamente por el usuario<\/li>\n<\/ul>\n<p>Los datos de \u201c<em>Universal Analytics<\/em>\u201d se recopilan a trav\u00e9s de direcciones IP mediante Google Analytics. Estos nos permiten medir la audiencia del Sitio, las visitas y posibles errores para mejorar la experiencia de navegaci\u00f3n.<\/p>\n<p><strong>Base legal:<\/strong> el tratamiento se fundamenta en el inter\u00e9s leg\u00edtimo para las cookies funcionales y en el consentimiento del interesado para las dem\u00e1s.<\/p>\n<p>&nbsp;<\/p>\n<h3><strong>5. Categor\u00edas de datos recopilados<\/strong><\/h3>\n<p>Puede consultar el detalle de los datos personales que podemos tratar en el marco de los tratamientos presentados anteriormente. (El car\u00e1cter obligatorio o voluntario de los datos personales y las posibles consecuencias de no responder se indican al momento de su recopilaci\u00f3n en los formularios asociados.)<\/p>\n<p>NB: Las listas de datos proporcionadas a continuaci\u00f3n no son exhaustivas y tienen como objetivo principal informarle sobre las categor\u00edas de datos que el H\u00f4tel Villa des Artistes puede tratar.<\/p>\n<p>Nos proporciona algunos de estos datos cuando:<\/p>\n<ul>\n<li>Completa los formularios de contacto o registro en el Sitio<\/li>\n<li>Utiliza los distintos medios de contacto disponibles en el Sitio (tel\u00e9fono, correo electr\u00f3nico, chat)<\/li>\n<li>Navega en el Sitio<\/li>\n<li>Utiliza los Servicios<\/li>\n<\/ul>\n<p>&nbsp;<\/p>\n<p><strong>5.1. Datos recopilados para: Gesti\u00f3n de solicitudes de contacto<\/strong><\/p>\n<p><strong>Informaci\u00f3n de identidad:<\/strong> correo electr\u00f3nico, nombre, apellidos, n\u00famero de tel\u00e9fono<\/p>\n<p><strong>Informaci\u00f3n proporcionada voluntariamente<\/strong><\/p>\n<p><strong>\u00a0<\/strong><\/p>\n<p><strong>5.2. Datos recopilados para: Gesti\u00f3n de reservas de estancias<\/strong><\/p>\n<p><strong>Informaci\u00f3n de identidad:<\/strong> correo electr\u00f3nico, t\u00edtulo, nombre, apellidos, n\u00famero de tel\u00e9fono<\/p>\n<p><strong>Informaci\u00f3n bancaria:<\/strong> n\u00famero de tarjeta, nombre del titular, c\u00f3digo de seguridad, fecha de vencimiento<\/p>\n<p><strong>Informaci\u00f3n proporcionada voluntariamente<\/strong><\/p>\n<p><strong>\u00a0<\/strong><\/p>\n<p><strong>5.3. Datos recopilados para: Gesti\u00f3n de cookies<\/strong><\/p>\n<p><strong>Informaci\u00f3n electr\u00f3nica:<\/strong> direcciones IP, MAC, historial de p\u00e1ginas visitadas<\/p>\n<p>&nbsp;<\/p>\n<h3><strong>6. Destinatarios<\/strong><\/h3>\n<p>Los destinatarios de sus datos son principalmente el personal del H\u00f4tel Villa des Artistes para el tratamiento de sus solicitudes y la gesti\u00f3n de la relaci\u00f3n con el cliente. M\u00e1s espec\u00edficamente, los destinatarios internos son los departamentos de reservas, reclutamiento y comercial.<\/p>\n<p>Otros destinatarios de sus datos personales pueden ser, en su caso, nuestro proveedor inform\u00e1tico y proveedores de servicios externos o plataformas de terceros.<\/p>\n<p>Otros organismos que pueden tener acceso a sus datos incluyen:<\/p>\n<ul>\n<li>Si corresponde, tribunales, mediadores, contadores, auditores, abogados, alguaciles, agencias de recobro de deudas<\/li>\n<li>Terceros que puedan colocar cookies en sus dispositivos (ordenadores, tabletas, m\u00f3viles) si usted consiente (para m\u00e1s informaci\u00f3n, consulte nuestra Pol\u00edtica de Cookies)<\/li>\n<\/ul>\n<p>Sus datos personales no se comunican, intercambian, venden ni alquilan sin su consentimiento previo y expreso, de acuerdo con la legislaci\u00f3n aplicable.<\/p>\n<p>&nbsp;<\/p>\n<h3><strong>7. Plazo de conservaci\u00f3n<\/strong><\/h3>\n<p>No conservamos sus datos personales m\u00e1s all\u00e1 del per\u00edodo necesario para el fin para el que fueron recopilados, seg\u00fan se describe en el art\u00edculo 4 de esta Pol\u00edtica, y, de ser necesario, extendido por los plazos legales de prescripci\u00f3n.<\/p>\n<p>Puede verificar los plazos de conservaci\u00f3n aplicables a los tratamientos que le conciernen solicit\u00e1ndolos a nuestro DPO mediante correo electr\u00f3nico a <strong><a href=\"mailto:dpo-hotelvilla@elystel.com\">dpo-hotelvilla@elystel.com<\/a> <\/strong><\/p>\n<h3><\/h3>\n<h3><strong>8. Transferencias de datos fuera de la Uni\u00f3n Europea<\/strong><\/h3>\n<p>En ciertos casos, su informaci\u00f3n personal se almacenar\u00e1 en servidores fuera del EEE.<\/p>\n<p>Esto ocurre especialmente cuando transferimos informaci\u00f3n a algunos de nuestros socios, por ejemplo, mediante cookies a Google, que puede almacenar datos en servidores en Estados Unidos. No obstante, el 10 de julio de 2023 se firm\u00f3 un acuerdo entre la UE y EE.\u202fUU. sobre transferencias de datos. Por lo tanto, el uso de Google Analytics es conforme.<\/p>\n<p>&nbsp;<\/p>\n<h3><strong>9. Redes sociales y plataformas de terceros<\/strong><\/h3>\n<p>Cuando visita redes sociales o el sitio Book Secure para la gesti\u00f3n de reservas de estancias, estas plataformas pueden tratar datos personales usando sus cookies. No controlamos estas cookies en las redes sociales. Asimismo, no podemos acceder a sus cuentas salvo que usted act\u00fae positivamente. Le invitamos a consultar las pol\u00edticas de privacidad de las redes sociales y del sitio Book Secure para m\u00e1s informaci\u00f3n sobre el uso de sus datos personales.<\/p>\n<p>&nbsp;<\/p>\n<h3><strong>10. Seguridad y confidencialidad de los datos personales<\/strong><\/h3>\n<p>El H\u00f4tel Villa des Artistes respeta el RGPD y la Ley francesa de Protecci\u00f3n de Datos en materia de seguridad y confidencialidad de sus datos.<\/p>\n<p>Implementamos todas las medidas t\u00e9cnicas y organizativas necesarias para garantizar la seguridad de los tratamientos de datos personales y la confidencialidad de los datos que recopilamos.<\/p>\n<p>Tomamos todas las precauciones necesarias seg\u00fan la naturaleza de los datos y los riesgos de los tratamientos para proteger su seguridad y, en particular, evitar que los datos sean alterados, da\u00f1ados o accesibles a terceros no autorizados (protecci\u00f3n f\u00edsica de las instalaciones, protocolo HTTPS seguro, registro y trazabilidad de las conexiones a los softwares internos).<\/p>\n<p>&nbsp;<\/p>\n<h3><strong>11. Sus derechos sobre sus datos personales<\/strong><\/h3>\n<p>De acuerdo con la Ley francesa de Protecci\u00f3n de Datos y el RGPD, usted dispone de los siguientes derechos:<\/p>\n<ul>\n<li>Derecho a la informaci\u00f3n sobre el tratamiento de Datos Personales<\/li>\n<li>Derecho de acceso a sus Datos Personales<\/li>\n<li>Derecho de supresi\u00f3n (\u201cderecho al olvido\u201d) y rectificaci\u00f3n de Datos Personales<\/li>\n<li>Derecho de oposici\u00f3n<\/li>\n<li>Derecho a la limitaci\u00f3n del tratamiento<\/li>\n<li>Derecho a presentar reclamaci\u00f3n ante una autoridad de control<\/li>\n<\/ul>\n<p>Para ejercer estos derechos, contacte a nuestro DPO en <strong><a href=\"mailto:dpo-hotelvilla@elystel.com\">dpo-hotelvilla@elystel.com<\/a> <\/strong><\/p>\n<p><strong>\u00a0<\/strong><\/p>\n<h3><strong>12. Menores<\/strong><\/h3>\n<p>El sitio web del H\u00f4tel Villa des Artistes no est\u00e1 destinado a menores. El H\u00f4tel Villa des Artistes no recopila conscientemente datos personales de menores de 15 a\u00f1os.<\/p>\n<p>&nbsp;<\/p>\n<h3><strong>13. Modificaci\u00f3n de la presente pol\u00edtica<\/strong><\/h3>\n<p>La verificaci\u00f3n del sitio web fue realizada por <a href=\"https:\/\/fcn-data.fr\/\">https:\/\/fcn-data.fr\/<\/a> (antes blockproof.fr) el 28\/05\/25.<\/p>\n<p>El H\u00f4tel Villa des Artistes se reserva el derecho de modificar esta Pol\u00edtica en cualquier momento para cumplir con cambios legislativos o mejorarla.<\/p>\n<p>En caso de modificaci\u00f3n, se actualizar\u00e1 y publicar\u00e1 una nueva versi\u00f3n con la fecha de \u201c\u00daltima actualizaci\u00f3n\u201d.<\/p>\n<p>&nbsp;<\/p>\n<h3><strong>14. Cookies<\/strong><\/h3>\n<p>Las \u201ccookies\u201d son peque\u00f1os archivos de texto que nos permiten reconocer su ordenador, tableta o m\u00f3vil para personalizar los servicios que ofrecemos.<\/p>\n<p>Tipos de cookies utilizadas:<\/p>\n<table style=\"height: 164px\" width=\"1073\">\n<tbody>\n<tr>\n<td width=\"83\">Facebook Pixel<\/td>\n<td width=\"518\">nos ayuda a reconocerle al volver al sitio y mostrarle ofertas personalizadas en Facebook seg\u00fan sus intereses.<\/td>\n<\/tr>\n<tr>\n<td width=\"83\">Google Analytics<\/td>\n<td width=\"518\">recopila estad\u00edsticas sobre visitas y uso de elementos del sitio web para mejorar la experiencia del usuario.<\/td>\n<\/tr>\n<\/tbody>\n<\/table>\n<p>&nbsp;<\/p>\n<p><strong>Haga <a href=\"https:\/\/www.villa-artistes.com\/es\/gestion-de-cookies\/\">clic<\/a> aqu\u00ed para modificar sus preferencias de cookies.<\/strong><\/p>\n<p>Los navegadores est\u00e1n configurados por defecto para permitir cookies. Usted puede cambiar esta configuraci\u00f3n para rechazar todas o algunas cookies.<\/p>\n<p>Enlaces de ayuda de los navegadores:<\/p>\n<p>Chrome: <a href=\"https:\/\/support.google.com\/chrome\/answer\/95647?hl=fr\">https:\/\/support.google.com\/chrome\/answer\/95647?hl=fr<\/a><br \/>\nFirefox: <a href=\"https:\/\/support.mozilla.org\/fr\/kb\/activer-desactiver-cookies\">https:\/\/support.mozilla.org\/fr\/kb\/activer-desactiver-cookies<\/a><br \/>\nInternet Explorer: <a href=\"https:\/\/support.microsoft.com\/fr-fr\/help\/17442\/windows-internet-explorer-delete-manage-cookies#ie=ie-11\">https:\/\/support.microsoft.com\/fr-fr\/help\/17442\/windows-internet-explorer-delete-manage-cookies#ie=ie-11<\/a><br \/>\nOpera: <a href=\"http:\/\/help.opera.com\/Windows\/10.20\/fr\/cookies.html\">http:\/\/help.opera.com\/Windows\/10.20\/fr\/cookies.html<\/a><br \/>\nSafari: <a href=\"https:\/\/support.apple.com\/fr-fr\/guide\/safari\/sfri11471\/11.0\/mac\/10.13\">https:\/\/support.apple.com\/fr-fr\/guide\/safari\/sfri11471\/11.0\/mac\/10.13<\/a><\/p>\n<p>Para m\u00e1s informaci\u00f3n sobre gesti\u00f3n de cookies, consulte: <a href=\"https:\/\/www.cnil.fr\/fr\/cookies-les-outils-pour-les-maitriser\">https:\/\/www.cnil.fr\/fr\/cookies-les-outils-pour-les-maitriser<\/a><\/p>\n<p>Consultas: <strong><a href=\"mailto:dpo-hotelvilla@elystel.com\">dpo-hotelvilla@elystel.com<\/a><\/strong><\/p>\n<p>&nbsp;<\/p>\n<h3><strong>15. Ley aplicable<\/strong><\/h3>\n<p>Estas condiciones de uso del sitio se rigen por la legislaci\u00f3n francesa y est\u00e1n sujetas a la jurisdicci\u00f3n de los tribunales de la sede del editor, salvo que la ley disponga lo contrario.<\/p>\n","protected":false},"excerpt":{"rendered":"<p>La presente pol\u00edtica de privacidad se aplica a todos los sitios y plataformas gestionados por el H\u00f4tel Villa des Artistes, con n\u00famero de SIRET 31092291900017, cuya sede social se encuentra en 9 Rue de la Grande Chaumi\u00e8re, 75006 Par\u00eds, representado por la Sra. Corinne EUSTACHE en su calidad de directora. El sitio web del H\u00f4tel [&hellip;]<\/p>\n","protected":false},"author":424,"featured_media":0,"parent":0,"menu_order":0,"comment_status":"closed","ping_status":"closed","template":"","meta":{"footnotes":""},"class_list":["post-491","page","type-page","status-publish","hentry"],"yoast_head":"<!-- This site is optimized with the Yoast SEO plugin v26.9 - https:\/\/yoast.com\/product\/yoast-seo-wordpress\/ -->\n<title>Pol\u00edtica de Privacidad - Villa des artistes<\/title>\n<meta name=\"description\" content=\"La presente pol\u00edtica de privacidad se aplica a todos los sitios y plataformas gestionados por el H\u00f4tel Villa des Artistes, con n\u00famero de SIRET Descubra la pol\u00edtica de privacidad del H\u00f4tel Villa des Artistes: protecci\u00f3n de datos personales, cumplimiento del RGPD, seguridad y transparencia para garantizar su confianza al reservar.\" \/>\n<meta name=\"robots\" content=\"index, follow, max-snippet:-1, max-image-preview:large, max-video-preview:-1\" \/>\n<link rel=\"canonical\" href=\"https:\/\/www.villa-artistes.com\/es\/politica-de-privacidad\/\" \/>\n<meta property=\"og:locale\" content=\"es_ES\" \/>\n<meta property=\"og:type\" content=\"article\" \/>\n<meta property=\"og:title\" content=\"Pol\u00edtica de Privacidad - Villa des artistes\" \/>\n<meta property=\"og:description\" content=\"La presente pol\u00edtica de privacidad se aplica a todos los sitios y plataformas gestionados por el H\u00f4tel Villa des Artistes, con n\u00famero de SIRET Descubra la pol\u00edtica de privacidad del H\u00f4tel Villa des Artistes: protecci\u00f3n de datos personales, cumplimiento del RGPD, seguridad y transparencia para garantizar su confianza al reservar.\" \/>\n<meta property=\"og:url\" content=\"https:\/\/www.villa-artistes.com\/es\/politica-de-privacidad\/\" \/>\n<meta property=\"og:site_name\" content=\"Villa des artistes\" \/>\n<meta property=\"article:modified_time\" content=\"2026-02-26T17:30:44+00:00\" \/>\n<meta name=\"twitter:card\" content=\"summary_large_image\" \/>\n<meta name=\"twitter:label1\" content=\"Tiempo de lectura\" \/>\n\t<meta name=\"twitter:data1\" content=\"9 minutos\" \/>\n<script type=\"application\/ld+json\" class=\"yoast-schema-graph\">{\"@context\":\"https:\/\/schema.org\",\"@graph\":[{\"@type\":\"WebPage\",\"@id\":\"https:\/\/www.villa-artistes.com\/es\/politica-de-privacidad\/\",\"url\":\"https:\/\/www.villa-artistes.com\/es\/politica-de-privacidad\/\",\"name\":\"Pol\u00edtica de Privacidad - Villa des artistes\",\"isPartOf\":{\"@id\":\"https:\/\/www.villa-artistes.com\/es\/#website\"},\"datePublished\":\"2026-02-26T15:10:38+00:00\",\"dateModified\":\"2026-02-26T17:30:44+00:00\",\"description\":\"La presente pol\u00edtica de privacidad se aplica a todos los sitios y plataformas gestionados por el H\u00f4tel Villa des Artistes, con n\u00famero de SIRET Descubra la pol\u00edtica de privacidad del H\u00f4tel Villa des Artistes: protecci\u00f3n de datos personales, cumplimiento del RGPD, seguridad y transparencia para garantizar su confianza al reservar.\",\"breadcrumb\":{\"@id\":\"https:\/\/www.villa-artistes.com\/es\/politica-de-privacidad\/#breadcrumb\"},\"inLanguage\":\"es\",\"potentialAction\":[{\"@type\":\"ReadAction\",\"target\":[\"https:\/\/www.villa-artistes.com\/es\/politica-de-privacidad\/\"]}]},{\"@type\":\"BreadcrumbList\",\"@id\":\"https:\/\/www.villa-artistes.com\/es\/politica-de-privacidad\/#breadcrumb\",\"itemListElement\":[{\"@type\":\"ListItem\",\"position\":1,\"name\":\"Accueil\",\"item\":\"https:\/\/www.villa-artistes.com\/es\/\"},{\"@type\":\"ListItem\",\"position\":2,\"name\":\"Pol\u00edtica de Privacidad\"}]},{\"@type\":\"WebSite\",\"@id\":\"https:\/\/www.villa-artistes.com\/es\/#website\",\"url\":\"https:\/\/www.villa-artistes.com\/es\/\",\"name\":\"Villa des artistes\",\"description\":\"Un site utilisant ms.decms.eu\",\"potentialAction\":[{\"@type\":\"SearchAction\",\"target\":{\"@type\":\"EntryPoint\",\"urlTemplate\":\"https:\/\/www.villa-artistes.com\/es\/?s={search_term_string}\"},\"query-input\":{\"@type\":\"PropertyValueSpecification\",\"valueRequired\":true,\"valueName\":\"search_term_string\"}}],\"inLanguage\":\"es\"}]}<\/script>\n<!-- \/ Yoast SEO plugin. -->","yoast_head_json":{"title":"Pol\u00edtica de Privacidad - Villa des artistes","description":"La presente pol\u00edtica de privacidad se aplica a todos los sitios y plataformas gestionados por el H\u00f4tel Villa des Artistes, con n\u00famero de SIRET Descubra la pol\u00edtica de privacidad del H\u00f4tel Villa des Artistes: protecci\u00f3n de datos personales, cumplimiento del RGPD, seguridad y transparencia para garantizar su confianza al reservar.","robots":{"index":"index","follow":"follow","max-snippet":"max-snippet:-1","max-image-preview":"max-image-preview:large","max-video-preview":"max-video-preview:-1"},"canonical":"https:\/\/www.villa-artistes.com\/es\/politica-de-privacidad\/","og_locale":"es_ES","og_type":"article","og_title":"Pol\u00edtica de Privacidad - Villa des artistes","og_description":"La presente pol\u00edtica de privacidad se aplica a todos los sitios y plataformas gestionados por el H\u00f4tel Villa des Artistes, con n\u00famero de SIRET Descubra la pol\u00edtica de privacidad del H\u00f4tel Villa des Artistes: protecci\u00f3n de datos personales, cumplimiento del RGPD, seguridad y transparencia para garantizar su confianza al reservar.","og_url":"https:\/\/www.villa-artistes.com\/es\/politica-de-privacidad\/","og_site_name":"Villa des artistes","article_modified_time":"2026-02-26T17:30:44+00:00","twitter_card":"summary_large_image","twitter_misc":{"Tiempo de lectura":"9 minutos"},"schema":{"@context":"https:\/\/schema.org","@graph":[{"@type":"WebPage","@id":"https:\/\/www.villa-artistes.com\/es\/politica-de-privacidad\/","url":"https:\/\/www.villa-artistes.com\/es\/politica-de-privacidad\/","name":"Pol\u00edtica de Privacidad - Villa des artistes","isPartOf":{"@id":"https:\/\/www.villa-artistes.com\/es\/#website"},"datePublished":"2026-02-26T15:10:38+00:00","dateModified":"2026-02-26T17:30:44+00:00","description":"La presente pol\u00edtica de privacidad se aplica a todos los sitios y plataformas gestionados por el H\u00f4tel Villa des Artistes, con n\u00famero de SIRET Descubra la pol\u00edtica de privacidad del H\u00f4tel Villa des Artistes: protecci\u00f3n de datos personales, cumplimiento del RGPD, seguridad y transparencia para garantizar su confianza al reservar.","breadcrumb":{"@id":"https:\/\/www.villa-artistes.com\/es\/politica-de-privacidad\/#breadcrumb"},"inLanguage":"es","potentialAction":[{"@type":"ReadAction","target":["https:\/\/www.villa-artistes.com\/es\/politica-de-privacidad\/"]}]},{"@type":"BreadcrumbList","@id":"https:\/\/www.villa-artistes.com\/es\/politica-de-privacidad\/#breadcrumb","itemListElement":[{"@type":"ListItem","position":1,"name":"Accueil","item":"https:\/\/www.villa-artistes.com\/es\/"},{"@type":"ListItem","position":2,"name":"Pol\u00edtica de Privacidad"}]},{"@type":"WebSite","@id":"https:\/\/www.villa-artistes.com\/es\/#website","url":"https:\/\/www.villa-artistes.com\/es\/","name":"Villa des artistes","description":"Un site utilisant ms.decms.eu","potentialAction":[{"@type":"SearchAction","target":{"@type":"EntryPoint","urlTemplate":"https:\/\/www.villa-artistes.com\/es\/?s={search_term_string}"},"query-input":{"@type":"PropertyValueSpecification","valueRequired":true,"valueName":"search_term_string"}}],"inLanguage":"es"}]}},"acf":[],"_links":{"self":[{"href":"https:\/\/www.villa-artistes.com\/es\/wp-json\/wp\/v2\/pages\/491","targetHints":{"allow":["GET"]}}],"collection":[{"href":"https:\/\/www.villa-artistes.com\/es\/wp-json\/wp\/v2\/pages"}],"about":[{"href":"https:\/\/www.villa-artistes.com\/es\/wp-json\/wp\/v2\/types\/page"}],"author":[{"embeddable":true,"href":"https:\/\/www.villa-artistes.com\/es\/wp-json\/wp\/v2\/users\/424"}],"replies":[{"embeddable":true,"href":"https:\/\/www.villa-artistes.com\/es\/wp-json\/wp\/v2\/comments?post=491"}],"version-history":[{"count":0,"href":"https:\/\/www.villa-artistes.com\/es\/wp-json\/wp\/v2\/pages\/491\/revisions"}],"wp:attachment":[{"href":"https:\/\/www.villa-artistes.com\/es\/wp-json\/wp\/v2\/media?parent=491"}],"curies":[{"name":"wp","href":"https:\/\/api.w.org\/{rel}","templated":true}]}}