{"id":339,"date":"2022-02-07T19:36:11","date_gmt":"2022-02-07T18:36:11","guid":{"rendered":"https:\/\/villa-des-artistes.ms.decms.eu\/nos-services\/service-de-blanchisserie\/"},"modified":"2022-05-23T12:58:27","modified_gmt":"2022-05-23T10:58:27","slug":"servicio-de-lavanderia","status":"publish","type":"page","link":"https:\/\/www.villa-artistes.com\/es\/nuestros-servicios\/servicio-de-lavanderia\/","title":{"rendered":"Servicio de lavander\u00eda"},"content":{"rendered":"<p style=\"text-align: left;\">El Hotel A La Villa des Artistes le ofrece un servicio de tintorer\u00eda y de limpieza r\u00e1pida de alta calidad.<\/p>\n<p style=\"text-align: left;\">Viaje de negocios, fin de semana rom\u00e1ntico o largas vacaciones en Par\u00eds, nuestro servicio de lavander\u00eda le permite viajar m\u00e1s ligero de equipaje. Servicio con coste adicional.<\/p>\n","protected":false},"excerpt":{"rendered":"<p>El Hotel A La Villa des Artistes le ofrece un servicio de tintorer\u00eda y de limpieza r\u00e1pida de alta calidad. Viaje de negocios, fin de semana rom\u00e1ntico o largas vacaciones en Par\u00eds, nuestro servicio de lavander\u00eda le permite viajar m\u00e1s ligero de equipaje. Servicio con coste adicional.<\/p>\n","protected":false},"author":15,"featured_media":0,"parent":333,"menu_order":60,"comment_status":"closed","ping_status":"closed","template":"template-single-service.php","meta":{"footnotes":""},"class_list":["post-339","page","type-page","status-publish","hentry"],"yoast_head":"<!-- This site is optimized with the Yoast SEO plugin v26.9 - https:\/\/yoast.com\/product\/yoast-seo-wordpress\/ -->\n<title>Lavander\u00eda - Hotel A La Villa des Artistes - Hotel boutique, centro de Par\u00eds<\/title>\n<meta name=\"description\" content=\"El Hotel A La Villa des Artistes, cerca de los Campos El\u00edseos, le ofrece servicio de lavander\u00eda adicional. Aligere su equipaje cuando venga a Par\u00eds.\" \/>\n<meta name=\"robots\" content=\"index, follow, max-snippet:-1, max-image-preview:large, max-video-preview:-1\" \/>\n<link rel=\"canonical\" href=\"https:\/\/www.villa-artistes.com\/es\/nuestros-servicios\/servicio-de-lavanderia\/\" \/>\n<meta property=\"og:locale\" content=\"es_ES\" \/>\n<meta property=\"og:type\" content=\"article\" \/>\n<meta property=\"og:title\" content=\"Lavander\u00eda - Hotel A La Villa des Artistes - Hotel boutique, centro de Par\u00eds\" \/>\n<meta property=\"og:description\" content=\"El Hotel A La Villa des Artistes, cerca de los Campos El\u00edseos, le ofrece servicio de lavander\u00eda adicional. Aligere su equipaje cuando venga a Par\u00eds.\" \/>\n<meta property=\"og:url\" content=\"https:\/\/www.villa-artistes.com\/es\/nuestros-servicios\/servicio-de-lavanderia\/\" \/>\n<meta property=\"og:site_name\" content=\"Villa des artistes\" \/>\n<meta property=\"article:modified_time\" content=\"2022-05-23T10:58:27+00:00\" \/>\n<meta name=\"twitter:card\" content=\"summary_large_image\" \/>\n<meta name=\"twitter:label1\" content=\"Tiempo de lectura\" \/>\n\t<meta name=\"twitter:data1\" content=\"1 minuto\" \/>\n<script type=\"application\/ld+json\" class=\"yoast-schema-graph\">{\"@context\":\"https:\/\/schema.org\",\"@graph\":[{\"@type\":\"WebPage\",\"@id\":\"https:\/\/www.villa-artistes.com\/es\/nuestros-servicios\/servicio-de-lavanderia\/\",\"url\":\"https:\/\/www.villa-artistes.com\/es\/nuestros-servicios\/servicio-de-lavanderia\/\",\"name\":\"Lavander\u00eda - Hotel A La Villa des Artistes - Hotel boutique, centro de Par\u00eds\",\"isPartOf\":{\"@id\":\"https:\/\/www.villa-artistes.com\/es\/#website\"},\"datePublished\":\"2022-02-07T18:36:11+00:00\",\"dateModified\":\"2022-05-23T10:58:27+00:00\",\"description\":\"El Hotel A La Villa des Artistes, cerca de los Campos El\u00edseos, le ofrece servicio de lavander\u00eda adicional. Aligere su equipaje cuando venga a Par\u00eds.\",\"breadcrumb\":{\"@id\":\"https:\/\/www.villa-artistes.com\/es\/nuestros-servicios\/servicio-de-lavanderia\/#breadcrumb\"},\"inLanguage\":\"es\",\"potentialAction\":[{\"@type\":\"ReadAction\",\"target\":[\"https:\/\/www.villa-artistes.com\/es\/nuestros-servicios\/servicio-de-lavanderia\/\"]}]},{\"@type\":\"BreadcrumbList\",\"@id\":\"https:\/\/www.villa-artistes.com\/es\/nuestros-servicios\/servicio-de-lavanderia\/#breadcrumb\",\"itemListElement\":[{\"@type\":\"ListItem\",\"position\":1,\"name\":\"Accueil\",\"item\":\"https:\/\/www.villa-artistes.com\/es\/\"},{\"@type\":\"ListItem\",\"position\":2,\"name\":\"Nuestros servicios\",\"item\":\"https:\/\/www.villa-artistes.com\/es\/nuestros-servicios\/\"},{\"@type\":\"ListItem\",\"position\":3,\"name\":\"Servicio de lavander\u00eda\"}]},{\"@type\":\"WebSite\",\"@id\":\"https:\/\/www.villa-artistes.com\/es\/#website\",\"url\":\"https:\/\/www.villa-artistes.com\/es\/\",\"name\":\"Villa des artistes\",\"description\":\"Un site utilisant ms.decms.eu\",\"potentialAction\":[{\"@type\":\"SearchAction\",\"target\":{\"@type\":\"EntryPoint\",\"urlTemplate\":\"https:\/\/www.villa-artistes.com\/es\/?s={search_term_string}\"},\"query-input\":{\"@type\":\"PropertyValueSpecification\",\"valueRequired\":true,\"valueName\":\"search_term_string\"}}],\"inLanguage\":\"es\"}]}<\/script>\n<!-- \/ Yoast SEO plugin. -->","yoast_head_json":{"title":"Lavander\u00eda - Hotel A La Villa des Artistes - Hotel boutique, centro de Par\u00eds","description":"El Hotel A La Villa des Artistes, cerca de los Campos El\u00edseos, le ofrece servicio de lavander\u00eda adicional. Aligere su equipaje cuando venga a Par\u00eds.","robots":{"index":"index","follow":"follow","max-snippet":"max-snippet:-1","max-image-preview":"max-image-preview:large","max-video-preview":"max-video-preview:-1"},"canonical":"https:\/\/www.villa-artistes.com\/es\/nuestros-servicios\/servicio-de-lavanderia\/","og_locale":"es_ES","og_type":"article","og_title":"Lavander\u00eda - Hotel A La Villa des Artistes - Hotel boutique, centro de Par\u00eds","og_description":"El Hotel A La Villa des Artistes, cerca de los Campos El\u00edseos, le ofrece servicio de lavander\u00eda adicional. Aligere su equipaje cuando venga a Par\u00eds.","og_url":"https:\/\/www.villa-artistes.com\/es\/nuestros-servicios\/servicio-de-lavanderia\/","og_site_name":"Villa des artistes","article_modified_time":"2022-05-23T10:58:27+00:00","twitter_card":"summary_large_image","twitter_misc":{"Tiempo de lectura":"1 minuto"},"schema":{"@context":"https:\/\/schema.org","@graph":[{"@type":"WebPage","@id":"https:\/\/www.villa-artistes.com\/es\/nuestros-servicios\/servicio-de-lavanderia\/","url":"https:\/\/www.villa-artistes.com\/es\/nuestros-servicios\/servicio-de-lavanderia\/","name":"Lavander\u00eda - Hotel A La Villa des Artistes - Hotel boutique, centro de Par\u00eds","isPartOf":{"@id":"https:\/\/www.villa-artistes.com\/es\/#website"},"datePublished":"2022-02-07T18:36:11+00:00","dateModified":"2022-05-23T10:58:27+00:00","description":"El Hotel A La Villa des Artistes, cerca de los Campos El\u00edseos, le ofrece servicio de lavander\u00eda adicional. Aligere su equipaje cuando venga a Par\u00eds.","breadcrumb":{"@id":"https:\/\/www.villa-artistes.com\/es\/nuestros-servicios\/servicio-de-lavanderia\/#breadcrumb"},"inLanguage":"es","potentialAction":[{"@type":"ReadAction","target":["https:\/\/www.villa-artistes.com\/es\/nuestros-servicios\/servicio-de-lavanderia\/"]}]},{"@type":"BreadcrumbList","@id":"https:\/\/www.villa-artistes.com\/es\/nuestros-servicios\/servicio-de-lavanderia\/#breadcrumb","itemListElement":[{"@type":"ListItem","position":1,"name":"Accueil","item":"https:\/\/www.villa-artistes.com\/es\/"},{"@type":"ListItem","position":2,"name":"Nuestros servicios","item":"https:\/\/www.villa-artistes.com\/es\/nuestros-servicios\/"},{"@type":"ListItem","position":3,"name":"Servicio de lavander\u00eda"}]},{"@type":"WebSite","@id":"https:\/\/www.villa-artistes.com\/es\/#website","url":"https:\/\/www.villa-artistes.com\/es\/","name":"Villa des artistes","description":"Un site utilisant ms.decms.eu","potentialAction":[{"@type":"SearchAction","target":{"@type":"EntryPoint","urlTemplate":"https:\/\/www.villa-artistes.com\/es\/?s={search_term_string}"},"query-input":{"@type":"PropertyValueSpecification","valueRequired":true,"valueName":"search_term_string"}}],"inLanguage":"es"}]}},"acf":[],"_links":{"self":[{"href":"https:\/\/www.villa-artistes.com\/es\/wp-json\/wp\/v2\/pages\/339","targetHints":{"allow":["GET"]}}],"collection":[{"href":"https:\/\/www.villa-artistes.com\/es\/wp-json\/wp\/v2\/pages"}],"about":[{"href":"https:\/\/www.villa-artistes.com\/es\/wp-json\/wp\/v2\/types\/page"}],"author":[{"embeddable":true,"href":"https:\/\/www.villa-artistes.com\/es\/wp-json\/wp\/v2\/users\/15"}],"replies":[{"embeddable":true,"href":"https:\/\/www.villa-artistes.com\/es\/wp-json\/wp\/v2\/comments?post=339"}],"version-history":[{"count":0,"href":"https:\/\/www.villa-artistes.com\/es\/wp-json\/wp\/v2\/pages\/339\/revisions"}],"up":[{"embeddable":true,"href":"https:\/\/www.villa-artistes.com\/es\/wp-json\/wp\/v2\/pages\/333"}],"wp:attachment":[{"href":"https:\/\/www.villa-artistes.com\/es\/wp-json\/wp\/v2\/media?parent=339"}],"curies":[{"name":"wp","href":"https:\/\/api.w.org\/{rel}","templated":true}]}}