{"id":335,"date":"2022-02-07T19:17:24","date_gmt":"2022-02-07T18:17:24","guid":{"rendered":"https:\/\/villa-des-artistes.ms.decms.eu\/nos-services\/wifi-gratuit\/"},"modified":"2022-05-23T12:53:47","modified_gmt":"2022-05-23T10:53:47","slug":"wifi-gratis","status":"publish","type":"page","link":"https:\/\/www.villa-artistes.com\/es\/nuestros-servicios\/wifi-gratis\/","title":{"rendered":"Wifi gratis"},"content":{"rendered":"<p style=\"text-align: left;\">Permanezca en contacto con los suyos con nuestra conexi\u00f3n wifi gratuita, disponible en todo el hotel.<\/p>\n<p style=\"text-align: left;\">Consulte sus emails desde la comodidad de su habitaci\u00f3n, navegue por la red desde uno de los sillones del lounge o planifique las visitas del d\u00eda siguiente en nuestra soleada terraza.<\/p>\n","protected":false},"excerpt":{"rendered":"<p>Permanezca en contacto con los suyos con nuestra conexi\u00f3n wifi gratuita, disponible en todo el hotel. Consulte sus emails desde la comodidad de su habitaci\u00f3n, navegue por la red desde uno de los sillones del lounge o planifique las visitas del d\u00eda siguiente en nuestra soleada terraza.<\/p>\n","protected":false},"author":15,"featured_media":0,"parent":333,"menu_order":20,"comment_status":"closed","ping_status":"closed","template":"template-single-service.php","meta":{"footnotes":""},"class_list":["post-335","page","type-page","status-publish","hentry"],"yoast_head":"<!-- This site is optimized with the Yoast SEO plugin v26.9 - https:\/\/yoast.com\/product\/yoast-seo-wordpress\/ -->\n<title>Wifi gratis \u2013 Hotel A La Villa Des Artistes \u2013 Hotel de ambientaci\u00f3n art\u00edstica en el centro de Par\u00eds<\/title>\n<meta name=\"description\" content=\"El hotel A La Villa Des Artistes ofrece wifi gratis en todas las zonas comunes y habitaciones para que pueda trabajar o planificar su estancia en Par\u00eds.\" \/>\n<meta name=\"robots\" content=\"index, follow, max-snippet:-1, max-image-preview:large, max-video-preview:-1\" \/>\n<link rel=\"canonical\" href=\"https:\/\/www.villa-artistes.com\/es\/nuestros-servicios\/wifi-gratis\/\" \/>\n<meta property=\"og:locale\" content=\"es_ES\" \/>\n<meta property=\"og:type\" content=\"article\" \/>\n<meta property=\"og:title\" content=\"Wifi gratis \u2013 Hotel A La Villa Des Artistes \u2013 Hotel de ambientaci\u00f3n art\u00edstica en el centro de Par\u00eds\" \/>\n<meta property=\"og:description\" content=\"El hotel A La Villa Des Artistes ofrece wifi gratis en todas las zonas comunes y habitaciones para que pueda trabajar o planificar su estancia en Par\u00eds.\" \/>\n<meta property=\"og:url\" content=\"https:\/\/www.villa-artistes.com\/es\/nuestros-servicios\/wifi-gratis\/\" \/>\n<meta property=\"og:site_name\" content=\"Villa des artistes\" \/>\n<meta property=\"article:modified_time\" content=\"2022-05-23T10:53:47+00:00\" \/>\n<meta name=\"twitter:card\" content=\"summary_large_image\" \/>\n<meta name=\"twitter:label1\" content=\"Tiempo de lectura\" \/>\n\t<meta name=\"twitter:data1\" content=\"1 minuto\" \/>\n<script type=\"application\/ld+json\" class=\"yoast-schema-graph\">{\"@context\":\"https:\/\/schema.org\",\"@graph\":[{\"@type\":\"WebPage\",\"@id\":\"https:\/\/www.villa-artistes.com\/es\/nuestros-servicios\/wifi-gratis\/\",\"url\":\"https:\/\/www.villa-artistes.com\/es\/nuestros-servicios\/wifi-gratis\/\",\"name\":\"Wifi gratis \u2013 Hotel A La Villa Des Artistes \u2013 Hotel de ambientaci\u00f3n art\u00edstica en el centro de Par\u00eds\",\"isPartOf\":{\"@id\":\"https:\/\/www.villa-artistes.com\/es\/#website\"},\"datePublished\":\"2022-02-07T18:17:24+00:00\",\"dateModified\":\"2022-05-23T10:53:47+00:00\",\"description\":\"El hotel A La Villa Des Artistes ofrece wifi gratis en todas las zonas comunes y habitaciones para que pueda trabajar o planificar su estancia en Par\u00eds.\",\"breadcrumb\":{\"@id\":\"https:\/\/www.villa-artistes.com\/es\/nuestros-servicios\/wifi-gratis\/#breadcrumb\"},\"inLanguage\":\"es\",\"potentialAction\":[{\"@type\":\"ReadAction\",\"target\":[\"https:\/\/www.villa-artistes.com\/es\/nuestros-servicios\/wifi-gratis\/\"]}]},{\"@type\":\"BreadcrumbList\",\"@id\":\"https:\/\/www.villa-artistes.com\/es\/nuestros-servicios\/wifi-gratis\/#breadcrumb\",\"itemListElement\":[{\"@type\":\"ListItem\",\"position\":1,\"name\":\"Accueil\",\"item\":\"https:\/\/www.villa-artistes.com\/es\/\"},{\"@type\":\"ListItem\",\"position\":2,\"name\":\"Nuestros servicios\",\"item\":\"https:\/\/www.villa-artistes.com\/es\/nuestros-servicios\/\"},{\"@type\":\"ListItem\",\"position\":3,\"name\":\"Wifi gratis\"}]},{\"@type\":\"WebSite\",\"@id\":\"https:\/\/www.villa-artistes.com\/es\/#website\",\"url\":\"https:\/\/www.villa-artistes.com\/es\/\",\"name\":\"Villa des artistes\",\"description\":\"Un site utilisant ms.decms.eu\",\"potentialAction\":[{\"@type\":\"SearchAction\",\"target\":{\"@type\":\"EntryPoint\",\"urlTemplate\":\"https:\/\/www.villa-artistes.com\/es\/?s={search_term_string}\"},\"query-input\":{\"@type\":\"PropertyValueSpecification\",\"valueRequired\":true,\"valueName\":\"search_term_string\"}}],\"inLanguage\":\"es\"}]}<\/script>\n<!-- \/ Yoast SEO plugin. -->","yoast_head_json":{"title":"Wifi gratis \u2013 Hotel A La Villa Des Artistes \u2013 Hotel de ambientaci\u00f3n art\u00edstica en el centro de Par\u00eds","description":"El hotel A La Villa Des Artistes ofrece wifi gratis en todas las zonas comunes y habitaciones para que pueda trabajar o planificar su estancia en Par\u00eds.","robots":{"index":"index","follow":"follow","max-snippet":"max-snippet:-1","max-image-preview":"max-image-preview:large","max-video-preview":"max-video-preview:-1"},"canonical":"https:\/\/www.villa-artistes.com\/es\/nuestros-servicios\/wifi-gratis\/","og_locale":"es_ES","og_type":"article","og_title":"Wifi gratis \u2013 Hotel A La Villa Des Artistes \u2013 Hotel de ambientaci\u00f3n art\u00edstica en el centro de Par\u00eds","og_description":"El hotel A La Villa Des Artistes ofrece wifi gratis en todas las zonas comunes y habitaciones para que pueda trabajar o planificar su estancia en Par\u00eds.","og_url":"https:\/\/www.villa-artistes.com\/es\/nuestros-servicios\/wifi-gratis\/","og_site_name":"Villa des artistes","article_modified_time":"2022-05-23T10:53:47+00:00","twitter_card":"summary_large_image","twitter_misc":{"Tiempo de lectura":"1 minuto"},"schema":{"@context":"https:\/\/schema.org","@graph":[{"@type":"WebPage","@id":"https:\/\/www.villa-artistes.com\/es\/nuestros-servicios\/wifi-gratis\/","url":"https:\/\/www.villa-artistes.com\/es\/nuestros-servicios\/wifi-gratis\/","name":"Wifi gratis \u2013 Hotel A La Villa Des Artistes \u2013 Hotel de ambientaci\u00f3n art\u00edstica en el centro de Par\u00eds","isPartOf":{"@id":"https:\/\/www.villa-artistes.com\/es\/#website"},"datePublished":"2022-02-07T18:17:24+00:00","dateModified":"2022-05-23T10:53:47+00:00","description":"El hotel A La Villa Des Artistes ofrece wifi gratis en todas las zonas comunes y habitaciones para que pueda trabajar o planificar su estancia en Par\u00eds.","breadcrumb":{"@id":"https:\/\/www.villa-artistes.com\/es\/nuestros-servicios\/wifi-gratis\/#breadcrumb"},"inLanguage":"es","potentialAction":[{"@type":"ReadAction","target":["https:\/\/www.villa-artistes.com\/es\/nuestros-servicios\/wifi-gratis\/"]}]},{"@type":"BreadcrumbList","@id":"https:\/\/www.villa-artistes.com\/es\/nuestros-servicios\/wifi-gratis\/#breadcrumb","itemListElement":[{"@type":"ListItem","position":1,"name":"Accueil","item":"https:\/\/www.villa-artistes.com\/es\/"},{"@type":"ListItem","position":2,"name":"Nuestros servicios","item":"https:\/\/www.villa-artistes.com\/es\/nuestros-servicios\/"},{"@type":"ListItem","position":3,"name":"Wifi gratis"}]},{"@type":"WebSite","@id":"https:\/\/www.villa-artistes.com\/es\/#website","url":"https:\/\/www.villa-artistes.com\/es\/","name":"Villa des artistes","description":"Un site utilisant ms.decms.eu","potentialAction":[{"@type":"SearchAction","target":{"@type":"EntryPoint","urlTemplate":"https:\/\/www.villa-artistes.com\/es\/?s={search_term_string}"},"query-input":{"@type":"PropertyValueSpecification","valueRequired":true,"valueName":"search_term_string"}}],"inLanguage":"es"}]}},"acf":[],"_links":{"self":[{"href":"https:\/\/www.villa-artistes.com\/es\/wp-json\/wp\/v2\/pages\/335","targetHints":{"allow":["GET"]}}],"collection":[{"href":"https:\/\/www.villa-artistes.com\/es\/wp-json\/wp\/v2\/pages"}],"about":[{"href":"https:\/\/www.villa-artistes.com\/es\/wp-json\/wp\/v2\/types\/page"}],"author":[{"embeddable":true,"href":"https:\/\/www.villa-artistes.com\/es\/wp-json\/wp\/v2\/users\/15"}],"replies":[{"embeddable":true,"href":"https:\/\/www.villa-artistes.com\/es\/wp-json\/wp\/v2\/comments?post=335"}],"version-history":[{"count":0,"href":"https:\/\/www.villa-artistes.com\/es\/wp-json\/wp\/v2\/pages\/335\/revisions"}],"up":[{"embeddable":true,"href":"https:\/\/www.villa-artistes.com\/es\/wp-json\/wp\/v2\/pages\/333"}],"wp:attachment":[{"href":"https:\/\/www.villa-artistes.com\/es\/wp-json\/wp\/v2\/media?parent=335"}],"curies":[{"name":"wp","href":"https:\/\/api.w.org\/{rel}","templated":true}]}}