{"id":331,"date":"2022-02-07T18:05:39","date_gmt":"2022-02-07T17:05:39","guid":{"rendered":"https:\/\/villa-des-artistes.ms.decms.eu\/restauration\/"},"modified":"2022-05-17T11:48:39","modified_gmt":"2022-05-17T09:48:39","slug":"restauration","status":"publish","type":"page","link":"https:\/\/www.villa-artistes.com\/es\/restauration\/","title":{"rendered":"Desayuno y bar"},"content":{"rendered":"<p style=\"text-align: center;\">Disfrute de nuestro desayuno buffet, que podr\u00e1 tomar en una luminosa terraza acristalada o rodeado de plantas en la terraza, o rel\u00e1jese tomando un desayuno continental desde la comodidad de su habitaci\u00f3n.<br \/>\nCuando anochezca, disfrute de un refresco o una copa de los mejores vinos franceses desde la comodidad de uno de los sof\u00e1s de terciopelo del lounge bar.<\/p>\n","protected":false},"excerpt":{"rendered":"<p>Disfrute de nuestro desayuno buffet, que podr\u00e1 tomar en una luminosa terraza acristalada o rodeado de plantas en la terraza, o rel\u00e1jese tomando un desayuno continental desde la comodidad de su habitaci\u00f3n. Cuando anochezca, disfrute de un refresco o una copa de los mejores vinos franceses desde la comodidad de uno de los sof\u00e1s de [&hellip;]<\/p>\n","protected":false},"author":15,"featured_media":0,"parent":0,"menu_order":0,"comment_status":"closed","ping_status":"closed","template":"template-restaurants.php","meta":{"footnotes":""},"class_list":["post-331","page","type-page","status-publish","hentry"],"yoast_head":"<!-- This site is optimized with the Yoast SEO plugin v26.9 - https:\/\/yoast.com\/product\/yoast-seo-wordpress\/ -->\n<title>Desayuno y bar \u2013 Hotel A La Villa Des Artistes \u2013 Centro de Par\u00eds<\/title>\n<meta name=\"description\" content=\"Disfrute del desayuno buffet servido en el lounge o en la terraza y de un bar que cuenta con todos los servicios en el hotel A La Villa Des Artistes.\" \/>\n<meta name=\"robots\" content=\"index, follow, max-snippet:-1, max-image-preview:large, max-video-preview:-1\" \/>\n<link rel=\"canonical\" href=\"https:\/\/www.villa-artistes.com\/es\/restauration\/\" \/>\n<meta property=\"og:locale\" content=\"es_ES\" \/>\n<meta property=\"og:type\" content=\"article\" \/>\n<meta property=\"og:title\" content=\"Desayuno y bar \u2013 Hotel A La Villa Des Artistes \u2013 Centro de Par\u00eds\" \/>\n<meta property=\"og:description\" content=\"Disfrute del desayuno buffet servido en el lounge o en la terraza y de un bar que cuenta con todos los servicios en el hotel A La Villa Des Artistes.\" \/>\n<meta property=\"og:url\" content=\"https:\/\/www.villa-artistes.com\/es\/restauration\/\" \/>\n<meta property=\"og:site_name\" content=\"Villa des artistes\" \/>\n<meta property=\"article:modified_time\" content=\"2022-05-17T09:48:39+00:00\" \/>\n<meta name=\"twitter:card\" content=\"summary_large_image\" \/>\n<meta name=\"twitter:label1\" content=\"Tiempo de lectura\" \/>\n\t<meta name=\"twitter:data1\" content=\"1 minuto\" \/>\n<script type=\"application\/ld+json\" class=\"yoast-schema-graph\">{\"@context\":\"https:\/\/schema.org\",\"@graph\":[{\"@type\":\"WebPage\",\"@id\":\"https:\/\/www.villa-artistes.com\/es\/restauration\/\",\"url\":\"https:\/\/www.villa-artistes.com\/es\/restauration\/\",\"name\":\"Desayuno y bar \u2013 Hotel A La Villa Des Artistes \u2013 Centro de Par\u00eds\",\"isPartOf\":{\"@id\":\"https:\/\/www.villa-artistes.com\/es\/#website\"},\"datePublished\":\"2022-02-07T17:05:39+00:00\",\"dateModified\":\"2022-05-17T09:48:39+00:00\",\"description\":\"Disfrute del desayuno buffet servido en el lounge o en la terraza y de un bar que cuenta con todos los servicios en el hotel A La Villa Des Artistes.\",\"breadcrumb\":{\"@id\":\"https:\/\/www.villa-artistes.com\/es\/restauration\/#breadcrumb\"},\"inLanguage\":\"es\",\"potentialAction\":[{\"@type\":\"ReadAction\",\"target\":[\"https:\/\/www.villa-artistes.com\/es\/restauration\/\"]}]},{\"@type\":\"BreadcrumbList\",\"@id\":\"https:\/\/www.villa-artistes.com\/es\/restauration\/#breadcrumb\",\"itemListElement\":[{\"@type\":\"ListItem\",\"position\":1,\"name\":\"Accueil\",\"item\":\"https:\/\/www.villa-artistes.com\/es\/\"},{\"@type\":\"ListItem\",\"position\":2,\"name\":\"Desayuno y bar\"}]},{\"@type\":\"WebSite\",\"@id\":\"https:\/\/www.villa-artistes.com\/es\/#website\",\"url\":\"https:\/\/www.villa-artistes.com\/es\/\",\"name\":\"Villa des artistes\",\"description\":\"Un site utilisant ms.decms.eu\",\"potentialAction\":[{\"@type\":\"SearchAction\",\"target\":{\"@type\":\"EntryPoint\",\"urlTemplate\":\"https:\/\/www.villa-artistes.com\/es\/?s={search_term_string}\"},\"query-input\":{\"@type\":\"PropertyValueSpecification\",\"valueRequired\":true,\"valueName\":\"search_term_string\"}}],\"inLanguage\":\"es\"}]}<\/script>\n<!-- \/ Yoast SEO plugin. -->","yoast_head_json":{"title":"Desayuno y bar \u2013 Hotel A La Villa Des Artistes \u2013 Centro de Par\u00eds","description":"Disfrute del desayuno buffet servido en el lounge o en la terraza y de un bar que cuenta con todos los servicios en el hotel A La Villa Des Artistes.","robots":{"index":"index","follow":"follow","max-snippet":"max-snippet:-1","max-image-preview":"max-image-preview:large","max-video-preview":"max-video-preview:-1"},"canonical":"https:\/\/www.villa-artistes.com\/es\/restauration\/","og_locale":"es_ES","og_type":"article","og_title":"Desayuno y bar \u2013 Hotel A La Villa Des Artistes \u2013 Centro de Par\u00eds","og_description":"Disfrute del desayuno buffet servido en el lounge o en la terraza y de un bar que cuenta con todos los servicios en el hotel A La Villa Des Artistes.","og_url":"https:\/\/www.villa-artistes.com\/es\/restauration\/","og_site_name":"Villa des artistes","article_modified_time":"2022-05-17T09:48:39+00:00","twitter_card":"summary_large_image","twitter_misc":{"Tiempo de lectura":"1 minuto"},"schema":{"@context":"https:\/\/schema.org","@graph":[{"@type":"WebPage","@id":"https:\/\/www.villa-artistes.com\/es\/restauration\/","url":"https:\/\/www.villa-artistes.com\/es\/restauration\/","name":"Desayuno y bar \u2013 Hotel A La Villa Des Artistes \u2013 Centro de Par\u00eds","isPartOf":{"@id":"https:\/\/www.villa-artistes.com\/es\/#website"},"datePublished":"2022-02-07T17:05:39+00:00","dateModified":"2022-05-17T09:48:39+00:00","description":"Disfrute del desayuno buffet servido en el lounge o en la terraza y de un bar que cuenta con todos los servicios en el hotel A La Villa Des Artistes.","breadcrumb":{"@id":"https:\/\/www.villa-artistes.com\/es\/restauration\/#breadcrumb"},"inLanguage":"es","potentialAction":[{"@type":"ReadAction","target":["https:\/\/www.villa-artistes.com\/es\/restauration\/"]}]},{"@type":"BreadcrumbList","@id":"https:\/\/www.villa-artistes.com\/es\/restauration\/#breadcrumb","itemListElement":[{"@type":"ListItem","position":1,"name":"Accueil","item":"https:\/\/www.villa-artistes.com\/es\/"},{"@type":"ListItem","position":2,"name":"Desayuno y bar"}]},{"@type":"WebSite","@id":"https:\/\/www.villa-artistes.com\/es\/#website","url":"https:\/\/www.villa-artistes.com\/es\/","name":"Villa des artistes","description":"Un site utilisant ms.decms.eu","potentialAction":[{"@type":"SearchAction","target":{"@type":"EntryPoint","urlTemplate":"https:\/\/www.villa-artistes.com\/es\/?s={search_term_string}"},"query-input":{"@type":"PropertyValueSpecification","valueRequired":true,"valueName":"search_term_string"}}],"inLanguage":"es"}]}},"acf":[],"_links":{"self":[{"href":"https:\/\/www.villa-artistes.com\/es\/wp-json\/wp\/v2\/pages\/331","targetHints":{"allow":["GET"]}}],"collection":[{"href":"https:\/\/www.villa-artistes.com\/es\/wp-json\/wp\/v2\/pages"}],"about":[{"href":"https:\/\/www.villa-artistes.com\/es\/wp-json\/wp\/v2\/types\/page"}],"author":[{"embeddable":true,"href":"https:\/\/www.villa-artistes.com\/es\/wp-json\/wp\/v2\/users\/15"}],"replies":[{"embeddable":true,"href":"https:\/\/www.villa-artistes.com\/es\/wp-json\/wp\/v2\/comments?post=331"}],"version-history":[{"count":0,"href":"https:\/\/www.villa-artistes.com\/es\/wp-json\/wp\/v2\/pages\/331\/revisions"}],"wp:attachment":[{"href":"https:\/\/www.villa-artistes.com\/es\/wp-json\/wp\/v2\/media?parent=331"}],"curies":[{"name":"wp","href":"https:\/\/api.w.org\/{rel}","templated":true}]}}