{"id":330,"date":"2022-02-07T19:40:16","date_gmt":"2022-02-07T18:40:16","guid":{"rendered":"https:\/\/villa-des-artistes.ms.decms.eu\/offres-speciales\/"},"modified":"2022-05-17T12:01:51","modified_gmt":"2022-05-17T10:01:51","slug":"ofertas-especiales","status":"publish","type":"page","link":"https:\/\/www.villa-artistes.com\/es\/ofertas-especiales\/","title":{"rendered":"Ofertas especiales"},"content":{"rendered":"<p style=\"text-align: center;\">Todas nuestras ofertas para su estancia en Par\u00eds.<\/p>\n","protected":false},"excerpt":{"rendered":"<p>Todas nuestras ofertas para su estancia en Par\u00eds.<\/p>\n","protected":false},"author":15,"featured_media":0,"parent":0,"menu_order":0,"comment_status":"closed","ping_status":"closed","template":"template-offers.php","meta":{"footnotes":""},"class_list":["post-330","page","type-page","status-publish","hentry"],"yoast_head":"<!-- This site is optimized with the Yoast SEO plugin v26.9 - https:\/\/yoast.com\/product\/yoast-seo-wordpress\/ -->\n<title>Ofertas especiales \u2013 Hotel A La Villa des Artistes \u2013 Distrito 6 de Par\u00eds<\/title>\n<meta name=\"description\" content=\"Descubra todas nuestras ofertas especiales y aproveche al m\u00e1ximo su estancia en el hotel A La Villa des Artistes, un hotel de ambientaci\u00f3n art\u00edstica situado en el distrito 6 de Par\u00eds.\" \/>\n<meta name=\"robots\" content=\"index, follow, max-snippet:-1, max-image-preview:large, max-video-preview:-1\" \/>\n<link rel=\"canonical\" href=\"https:\/\/www.villa-artistes.com\/es\/ofertas-especiales\/\" \/>\n<meta property=\"og:locale\" content=\"es_ES\" \/>\n<meta property=\"og:type\" content=\"article\" \/>\n<meta property=\"og:title\" content=\"Ofertas especiales \u2013 Hotel A La Villa des Artistes \u2013 Distrito 6 de Par\u00eds\" \/>\n<meta property=\"og:description\" content=\"Descubra todas nuestras ofertas especiales y aproveche al m\u00e1ximo su estancia en el hotel A La Villa des Artistes, un hotel de ambientaci\u00f3n art\u00edstica situado en el distrito 6 de Par\u00eds.\" \/>\n<meta property=\"og:url\" content=\"https:\/\/www.villa-artistes.com\/es\/ofertas-especiales\/\" \/>\n<meta property=\"og:site_name\" content=\"Villa des artistes\" \/>\n<meta property=\"article:modified_time\" content=\"2022-05-17T10:01:51+00:00\" \/>\n<meta name=\"twitter:card\" content=\"summary_large_image\" \/>\n<meta name=\"twitter:label1\" content=\"Tiempo de lectura\" \/>\n\t<meta name=\"twitter:data1\" content=\"1 minuto\" \/>\n<script type=\"application\/ld+json\" class=\"yoast-schema-graph\">{\"@context\":\"https:\/\/schema.org\",\"@graph\":[{\"@type\":\"WebPage\",\"@id\":\"https:\/\/www.villa-artistes.com\/es\/ofertas-especiales\/\",\"url\":\"https:\/\/www.villa-artistes.com\/es\/ofertas-especiales\/\",\"name\":\"Ofertas especiales \u2013 Hotel A La Villa des Artistes \u2013 Distrito 6 de Par\u00eds\",\"isPartOf\":{\"@id\":\"https:\/\/www.villa-artistes.com\/es\/#website\"},\"datePublished\":\"2022-02-07T18:40:16+00:00\",\"dateModified\":\"2022-05-17T10:01:51+00:00\",\"description\":\"Descubra todas nuestras ofertas especiales y aproveche al m\u00e1ximo su estancia en el hotel A La Villa des Artistes, un hotel de ambientaci\u00f3n art\u00edstica situado en el distrito 6 de Par\u00eds.\",\"breadcrumb\":{\"@id\":\"https:\/\/www.villa-artistes.com\/es\/ofertas-especiales\/#breadcrumb\"},\"inLanguage\":\"es\",\"potentialAction\":[{\"@type\":\"ReadAction\",\"target\":[\"https:\/\/www.villa-artistes.com\/es\/ofertas-especiales\/\"]}]},{\"@type\":\"BreadcrumbList\",\"@id\":\"https:\/\/www.villa-artistes.com\/es\/ofertas-especiales\/#breadcrumb\",\"itemListElement\":[{\"@type\":\"ListItem\",\"position\":1,\"name\":\"Accueil\",\"item\":\"https:\/\/www.villa-artistes.com\/es\/\"},{\"@type\":\"ListItem\",\"position\":2,\"name\":\"Ofertas especiales\"}]},{\"@type\":\"WebSite\",\"@id\":\"https:\/\/www.villa-artistes.com\/es\/#website\",\"url\":\"https:\/\/www.villa-artistes.com\/es\/\",\"name\":\"Villa des artistes\",\"description\":\"Un site utilisant ms.decms.eu\",\"potentialAction\":[{\"@type\":\"SearchAction\",\"target\":{\"@type\":\"EntryPoint\",\"urlTemplate\":\"https:\/\/www.villa-artistes.com\/es\/?s={search_term_string}\"},\"query-input\":{\"@type\":\"PropertyValueSpecification\",\"valueRequired\":true,\"valueName\":\"search_term_string\"}}],\"inLanguage\":\"es\"}]}<\/script>\n<!-- \/ Yoast SEO plugin. -->","yoast_head_json":{"title":"Ofertas especiales \u2013 Hotel A La Villa des Artistes \u2013 Distrito 6 de Par\u00eds","description":"Descubra todas nuestras ofertas especiales y aproveche al m\u00e1ximo su estancia en el hotel A La Villa des Artistes, un hotel de ambientaci\u00f3n art\u00edstica situado en el distrito 6 de Par\u00eds.","robots":{"index":"index","follow":"follow","max-snippet":"max-snippet:-1","max-image-preview":"max-image-preview:large","max-video-preview":"max-video-preview:-1"},"canonical":"https:\/\/www.villa-artistes.com\/es\/ofertas-especiales\/","og_locale":"es_ES","og_type":"article","og_title":"Ofertas especiales \u2013 Hotel A La Villa des Artistes \u2013 Distrito 6 de Par\u00eds","og_description":"Descubra todas nuestras ofertas especiales y aproveche al m\u00e1ximo su estancia en el hotel A La Villa des Artistes, un hotel de ambientaci\u00f3n art\u00edstica situado en el distrito 6 de Par\u00eds.","og_url":"https:\/\/www.villa-artistes.com\/es\/ofertas-especiales\/","og_site_name":"Villa des artistes","article_modified_time":"2022-05-17T10:01:51+00:00","twitter_card":"summary_large_image","twitter_misc":{"Tiempo de lectura":"1 minuto"},"schema":{"@context":"https:\/\/schema.org","@graph":[{"@type":"WebPage","@id":"https:\/\/www.villa-artistes.com\/es\/ofertas-especiales\/","url":"https:\/\/www.villa-artistes.com\/es\/ofertas-especiales\/","name":"Ofertas especiales \u2013 Hotel A La Villa des Artistes \u2013 Distrito 6 de Par\u00eds","isPartOf":{"@id":"https:\/\/www.villa-artistes.com\/es\/#website"},"datePublished":"2022-02-07T18:40:16+00:00","dateModified":"2022-05-17T10:01:51+00:00","description":"Descubra todas nuestras ofertas especiales y aproveche al m\u00e1ximo su estancia en el hotel A La Villa des Artistes, un hotel de ambientaci\u00f3n art\u00edstica situado en el distrito 6 de Par\u00eds.","breadcrumb":{"@id":"https:\/\/www.villa-artistes.com\/es\/ofertas-especiales\/#breadcrumb"},"inLanguage":"es","potentialAction":[{"@type":"ReadAction","target":["https:\/\/www.villa-artistes.com\/es\/ofertas-especiales\/"]}]},{"@type":"BreadcrumbList","@id":"https:\/\/www.villa-artistes.com\/es\/ofertas-especiales\/#breadcrumb","itemListElement":[{"@type":"ListItem","position":1,"name":"Accueil","item":"https:\/\/www.villa-artistes.com\/es\/"},{"@type":"ListItem","position":2,"name":"Ofertas especiales"}]},{"@type":"WebSite","@id":"https:\/\/www.villa-artistes.com\/es\/#website","url":"https:\/\/www.villa-artistes.com\/es\/","name":"Villa des artistes","description":"Un site utilisant ms.decms.eu","potentialAction":[{"@type":"SearchAction","target":{"@type":"EntryPoint","urlTemplate":"https:\/\/www.villa-artistes.com\/es\/?s={search_term_string}"},"query-input":{"@type":"PropertyValueSpecification","valueRequired":true,"valueName":"search_term_string"}}],"inLanguage":"es"}]}},"acf":[],"_links":{"self":[{"href":"https:\/\/www.villa-artistes.com\/es\/wp-json\/wp\/v2\/pages\/330","targetHints":{"allow":["GET"]}}],"collection":[{"href":"https:\/\/www.villa-artistes.com\/es\/wp-json\/wp\/v2\/pages"}],"about":[{"href":"https:\/\/www.villa-artistes.com\/es\/wp-json\/wp\/v2\/types\/page"}],"author":[{"embeddable":true,"href":"https:\/\/www.villa-artistes.com\/es\/wp-json\/wp\/v2\/users\/15"}],"replies":[{"embeddable":true,"href":"https:\/\/www.villa-artistes.com\/es\/wp-json\/wp\/v2\/comments?post=330"}],"version-history":[{"count":0,"href":"https:\/\/www.villa-artistes.com\/es\/wp-json\/wp\/v2\/pages\/330\/revisions"}],"wp:attachment":[{"href":"https:\/\/www.villa-artistes.com\/es\/wp-json\/wp\/v2\/media?parent=330"}],"curies":[{"name":"wp","href":"https:\/\/api.w.org\/{rel}","templated":true}]}}