{"id":329,"date":"2022-02-15T17:28:08","date_gmt":"2022-02-15T16:28:08","guid":{"rendered":"https:\/\/villa-des-artistes.ms.decms.eu\/nous-trouver\/"},"modified":"2022-05-20T08:29:51","modified_gmt":"2022-05-20T06:29:51","slug":"situacion","status":"publish","type":"page","link":"https:\/\/www.villa-artistes.com\/es\/situacion\/","title":{"rendered":"Situaci\u00f3n"},"content":{"rendered":"<p style=\"text-align: center;\">Junto al Boulevard du Montparnasse, el hotel A La Villa Des Artistes se encuentra en un tranquilo rinc\u00f3n del distrito 6 de Par\u00eds, en la orilla izquierda. Desde el hotel se llega f\u00e1cilmente a pie hasta los Jardines de Luxemburgo, y est\u00e1 a solo 20 minutos de las boutiques del glamuroso Saint-Germain-des-Pr\u00e9s.<\/p>\n<p style=\"text-align: center;\">Cuenta con una pr\u00e1ctica ubicaci\u00f3n para llegar a los principales monumentos parisinos, centros de congresos y aeropuertos en transporte p\u00fablico: l\u00edneas 4 (Vavin), 12 (Notre-Dame-des-Champs), 6 y 13 (Montparnasse) de metro y l\u00ednea RER B (Port Royal) de cercan\u00edas.<\/p>\n","protected":false},"excerpt":{"rendered":"<p>Junto al Boulevard du Montparnasse, el hotel A La Villa Des Artistes se encuentra en un tranquilo rinc\u00f3n del distrito 6 de Par\u00eds, en la orilla izquierda. Desde el hotel se llega f\u00e1cilmente a pie hasta los Jardines de Luxemburgo, y est\u00e1 a solo 20 minutos de las boutiques del glamuroso Saint-Germain-des-Pr\u00e9s. Cuenta con una [&hellip;]<\/p>\n","protected":false},"author":15,"featured_media":0,"parent":0,"menu_order":0,"comment_status":"closed","ping_status":"closed","template":"template-location.php","meta":{"footnotes":""},"class_list":["post-329","page","type-page","status-publish","hentry"],"yoast_head":"<!-- This site is optimized with the Yoast SEO plugin v26.9 - https:\/\/yoast.com\/product\/yoast-seo-wordpress\/ -->\n<title>A La Villa Des Artistes, un hotel de ambientaci\u00f3n art\u00edstica cerca de Montparnasse, en Par\u00eds<\/title>\n<meta name=\"description\" content=\"Al\u00f3jese en el hotel A La Villa Des Artistes, enclavado en el distrito 6 de Par\u00eds, a proximidad de los Jardines de Luxemburgo y del elegante barrio de Saint-Germain-des-Pr\u00e9s.\" \/>\n<meta name=\"robots\" content=\"index, follow, max-snippet:-1, max-image-preview:large, max-video-preview:-1\" \/>\n<link rel=\"canonical\" href=\"https:\/\/www.villa-artistes.com\/es\/situacion\/\" \/>\n<meta property=\"og:locale\" content=\"es_ES\" \/>\n<meta property=\"og:type\" content=\"article\" \/>\n<meta property=\"og:title\" content=\"A La Villa Des Artistes, un hotel de ambientaci\u00f3n art\u00edstica cerca de Montparnasse, en Par\u00eds\" \/>\n<meta property=\"og:description\" content=\"Al\u00f3jese en el hotel A La Villa Des Artistes, enclavado en el distrito 6 de Par\u00eds, a proximidad de los Jardines de Luxemburgo y del elegante barrio de Saint-Germain-des-Pr\u00e9s.\" \/>\n<meta property=\"og:url\" content=\"https:\/\/www.villa-artistes.com\/es\/situacion\/\" \/>\n<meta property=\"og:site_name\" content=\"Villa des artistes\" \/>\n<meta property=\"article:modified_time\" content=\"2022-05-20T06:29:51+00:00\" \/>\n<meta name=\"twitter:card\" content=\"summary_large_image\" \/>\n<meta name=\"twitter:label1\" content=\"Tiempo de lectura\" \/>\n\t<meta name=\"twitter:data1\" content=\"1 minuto\" \/>\n<script type=\"application\/ld+json\" class=\"yoast-schema-graph\">{\"@context\":\"https:\/\/schema.org\",\"@graph\":[{\"@type\":\"WebPage\",\"@id\":\"https:\/\/www.villa-artistes.com\/es\/situacion\/\",\"url\":\"https:\/\/www.villa-artistes.com\/es\/situacion\/\",\"name\":\"A La Villa Des Artistes, un hotel de ambientaci\u00f3n art\u00edstica cerca de Montparnasse, en Par\u00eds\",\"isPartOf\":{\"@id\":\"https:\/\/www.villa-artistes.com\/es\/#website\"},\"datePublished\":\"2022-02-15T16:28:08+00:00\",\"dateModified\":\"2022-05-20T06:29:51+00:00\",\"description\":\"Al\u00f3jese en el hotel A La Villa Des Artistes, enclavado en el distrito 6 de Par\u00eds, a proximidad de los Jardines de Luxemburgo y del elegante barrio de Saint-Germain-des-Pr\u00e9s.\",\"breadcrumb\":{\"@id\":\"https:\/\/www.villa-artistes.com\/es\/situacion\/#breadcrumb\"},\"inLanguage\":\"es\",\"potentialAction\":[{\"@type\":\"ReadAction\",\"target\":[\"https:\/\/www.villa-artistes.com\/es\/situacion\/\"]}]},{\"@type\":\"BreadcrumbList\",\"@id\":\"https:\/\/www.villa-artistes.com\/es\/situacion\/#breadcrumb\",\"itemListElement\":[{\"@type\":\"ListItem\",\"position\":1,\"name\":\"Accueil\",\"item\":\"https:\/\/www.villa-artistes.com\/es\/\"},{\"@type\":\"ListItem\",\"position\":2,\"name\":\"Situaci\u00f3n\"}]},{\"@type\":\"WebSite\",\"@id\":\"https:\/\/www.villa-artistes.com\/es\/#website\",\"url\":\"https:\/\/www.villa-artistes.com\/es\/\",\"name\":\"Villa des artistes\",\"description\":\"Un site utilisant ms.decms.eu\",\"potentialAction\":[{\"@type\":\"SearchAction\",\"target\":{\"@type\":\"EntryPoint\",\"urlTemplate\":\"https:\/\/www.villa-artistes.com\/es\/?s={search_term_string}\"},\"query-input\":{\"@type\":\"PropertyValueSpecification\",\"valueRequired\":true,\"valueName\":\"search_term_string\"}}],\"inLanguage\":\"es\"}]}<\/script>\n<!-- \/ Yoast SEO plugin. -->","yoast_head_json":{"title":"A La Villa Des Artistes, un hotel de ambientaci\u00f3n art\u00edstica cerca de Montparnasse, en Par\u00eds","description":"Al\u00f3jese en el hotel A La Villa Des Artistes, enclavado en el distrito 6 de Par\u00eds, a proximidad de los Jardines de Luxemburgo y del elegante barrio de Saint-Germain-des-Pr\u00e9s.","robots":{"index":"index","follow":"follow","max-snippet":"max-snippet:-1","max-image-preview":"max-image-preview:large","max-video-preview":"max-video-preview:-1"},"canonical":"https:\/\/www.villa-artistes.com\/es\/situacion\/","og_locale":"es_ES","og_type":"article","og_title":"A La Villa Des Artistes, un hotel de ambientaci\u00f3n art\u00edstica cerca de Montparnasse, en Par\u00eds","og_description":"Al\u00f3jese en el hotel A La Villa Des Artistes, enclavado en el distrito 6 de Par\u00eds, a proximidad de los Jardines de Luxemburgo y del elegante barrio de Saint-Germain-des-Pr\u00e9s.","og_url":"https:\/\/www.villa-artistes.com\/es\/situacion\/","og_site_name":"Villa des artistes","article_modified_time":"2022-05-20T06:29:51+00:00","twitter_card":"summary_large_image","twitter_misc":{"Tiempo de lectura":"1 minuto"},"schema":{"@context":"https:\/\/schema.org","@graph":[{"@type":"WebPage","@id":"https:\/\/www.villa-artistes.com\/es\/situacion\/","url":"https:\/\/www.villa-artistes.com\/es\/situacion\/","name":"A La Villa Des Artistes, un hotel de ambientaci\u00f3n art\u00edstica cerca de Montparnasse, en Par\u00eds","isPartOf":{"@id":"https:\/\/www.villa-artistes.com\/es\/#website"},"datePublished":"2022-02-15T16:28:08+00:00","dateModified":"2022-05-20T06:29:51+00:00","description":"Al\u00f3jese en el hotel A La Villa Des Artistes, enclavado en el distrito 6 de Par\u00eds, a proximidad de los Jardines de Luxemburgo y del elegante barrio de Saint-Germain-des-Pr\u00e9s.","breadcrumb":{"@id":"https:\/\/www.villa-artistes.com\/es\/situacion\/#breadcrumb"},"inLanguage":"es","potentialAction":[{"@type":"ReadAction","target":["https:\/\/www.villa-artistes.com\/es\/situacion\/"]}]},{"@type":"BreadcrumbList","@id":"https:\/\/www.villa-artistes.com\/es\/situacion\/#breadcrumb","itemListElement":[{"@type":"ListItem","position":1,"name":"Accueil","item":"https:\/\/www.villa-artistes.com\/es\/"},{"@type":"ListItem","position":2,"name":"Situaci\u00f3n"}]},{"@type":"WebSite","@id":"https:\/\/www.villa-artistes.com\/es\/#website","url":"https:\/\/www.villa-artistes.com\/es\/","name":"Villa des artistes","description":"Un site utilisant ms.decms.eu","potentialAction":[{"@type":"SearchAction","target":{"@type":"EntryPoint","urlTemplate":"https:\/\/www.villa-artistes.com\/es\/?s={search_term_string}"},"query-input":{"@type":"PropertyValueSpecification","valueRequired":true,"valueName":"search_term_string"}}],"inLanguage":"es"}]}},"acf":[],"_links":{"self":[{"href":"https:\/\/www.villa-artistes.com\/es\/wp-json\/wp\/v2\/pages\/329","targetHints":{"allow":["GET"]}}],"collection":[{"href":"https:\/\/www.villa-artistes.com\/es\/wp-json\/wp\/v2\/pages"}],"about":[{"href":"https:\/\/www.villa-artistes.com\/es\/wp-json\/wp\/v2\/types\/page"}],"author":[{"embeddable":true,"href":"https:\/\/www.villa-artistes.com\/es\/wp-json\/wp\/v2\/users\/15"}],"replies":[{"embeddable":true,"href":"https:\/\/www.villa-artistes.com\/es\/wp-json\/wp\/v2\/comments?post=329"}],"version-history":[{"count":0,"href":"https:\/\/www.villa-artistes.com\/es\/wp-json\/wp\/v2\/pages\/329\/revisions"}],"wp:attachment":[{"href":"https:\/\/www.villa-artistes.com\/es\/wp-json\/wp\/v2\/media?parent=329"}],"curies":[{"name":"wp","href":"https:\/\/api.w.org\/{rel}","templated":true}]}}