{"id":316,"date":"2022-02-04T17:53:13","date_gmt":"2022-02-04T16:53:13","guid":{"rendered":"https:\/\/villa-des-artistes.ms.decms.eu\/habitaciones-y-suites\/chambre-classique\/"},"modified":"2024-10-04T15:28:25","modified_gmt":"2024-10-04T13:28:25","slug":"habitacion-clasica","status":"publish","type":"page","link":"https:\/\/www.villa-artistes.com\/es\/habitaciones-y-suites\/habitacion-clasica\/","title":{"rendered":"Habitaci\u00f3n Cl\u00e1sica"},"content":{"rendered":"<p style=\"text-align: center\"><strong>1-2 PERSONAS &#8211; DE 12 A 14 M\u00b2 &#8211; CAMA DE MATRIMONIO<\/strong><\/p>\n<p style=\"text-align: center\">Las Habitaciones Cl\u00e1sicas son ideales para viajes de negocios o estancias cortas en Par\u00eds y ofrecen comodidad con un toque art\u00edstico.<br \/>\nCuentan con una cama de matrimonio muy c\u00f3moda, blanda y mullida para disfrutar de un sue\u00f1o tranquilo y descansar cuerpo y mente.<\/p>\n","protected":false},"excerpt":{"rendered":"<p>1-2 PERSONAS &#8211; DE 12 A 14 M\u00b2 &#8211; CAMA DE MATRIMONIO Las Habitaciones Cl\u00e1sicas son ideales para viajes de negocios o estancias cortas en Par\u00eds y ofrecen comodidad con un toque art\u00edstico. Cuentan con una cama de matrimonio muy c\u00f3moda, blanda y mullida para disfrutar de un sue\u00f1o tranquilo y descansar cuerpo y mente.<\/p>\n","protected":false},"author":15,"featured_media":0,"parent":313,"menu_order":10,"comment_status":"closed","ping_status":"closed","template":"template-single-room.php","meta":{"footnotes":""},"class_list":["post-316","page","type-page","status-publish","hentry"],"yoast_head":"<!-- This site is optimized with the Yoast SEO plugin v26.9 - https:\/\/yoast.com\/product\/yoast-seo-wordpress\/ -->\n<title>Habitaci\u00f3n Doble\u2013 Hotel A La Villa des Artistes \u2013 Distrito 6 de Par\u00eds<\/title>\n<meta name=\"description\" content=\"Una Habitaci\u00f3n Cl\u00e1sica doble con wifi gratis en el hotel de 3 estrellas A La Villa des Artistes, situado cerca de Montparnasse, en el centro de Par\u00eds.\" \/>\n<meta name=\"robots\" content=\"index, follow, max-snippet:-1, max-image-preview:large, max-video-preview:-1\" \/>\n<link rel=\"canonical\" href=\"https:\/\/www.villa-artistes.com\/es\/habitaciones-y-suites\/habitacion-clasica\/\" \/>\n<meta property=\"og:locale\" content=\"es_ES\" \/>\n<meta property=\"og:type\" content=\"article\" \/>\n<meta property=\"og:title\" content=\"Habitaci\u00f3n Doble\u2013 Hotel A La Villa des Artistes \u2013 Distrito 6 de Par\u00eds\" \/>\n<meta property=\"og:description\" content=\"Una Habitaci\u00f3n Cl\u00e1sica doble con wifi gratis en el hotel de 3 estrellas A La Villa des Artistes, situado cerca de Montparnasse, en el centro de Par\u00eds.\" \/>\n<meta property=\"og:url\" content=\"https:\/\/www.villa-artistes.com\/es\/habitaciones-y-suites\/habitacion-clasica\/\" \/>\n<meta property=\"og:site_name\" content=\"Villa des artistes\" \/>\n<meta property=\"article:modified_time\" content=\"2024-10-04T13:28:25+00:00\" \/>\n<meta name=\"twitter:card\" content=\"summary_large_image\" \/>\n<meta name=\"twitter:label1\" content=\"Tiempo de lectura\" \/>\n\t<meta name=\"twitter:data1\" content=\"1 minuto\" \/>\n<script type=\"application\/ld+json\" class=\"yoast-schema-graph\">{\"@context\":\"https:\/\/schema.org\",\"@graph\":[{\"@type\":\"WebPage\",\"@id\":\"https:\/\/www.villa-artistes.com\/es\/habitaciones-y-suites\/habitacion-clasica\/\",\"url\":\"https:\/\/www.villa-artistes.com\/es\/habitaciones-y-suites\/habitacion-clasica\/\",\"name\":\"Habitaci\u00f3n Doble\u2013 Hotel A La Villa des Artistes \u2013 Distrito 6 de Par\u00eds\",\"isPartOf\":{\"@id\":\"https:\/\/www.villa-artistes.com\/es\/#website\"},\"datePublished\":\"2022-02-04T16:53:13+00:00\",\"dateModified\":\"2024-10-04T13:28:25+00:00\",\"description\":\"Una Habitaci\u00f3n Cl\u00e1sica doble con wifi gratis en el hotel de 3 estrellas A La Villa des Artistes, situado cerca de Montparnasse, en el centro de Par\u00eds.\",\"breadcrumb\":{\"@id\":\"https:\/\/www.villa-artistes.com\/es\/habitaciones-y-suites\/habitacion-clasica\/#breadcrumb\"},\"inLanguage\":\"es\",\"potentialAction\":[{\"@type\":\"ReadAction\",\"target\":[\"https:\/\/www.villa-artistes.com\/es\/habitaciones-y-suites\/habitacion-clasica\/\"]}]},{\"@type\":\"BreadcrumbList\",\"@id\":\"https:\/\/www.villa-artistes.com\/es\/habitaciones-y-suites\/habitacion-clasica\/#breadcrumb\",\"itemListElement\":[{\"@type\":\"ListItem\",\"position\":1,\"name\":\"Accueil\",\"item\":\"https:\/\/www.villa-artistes.com\/es\/\"},{\"@type\":\"ListItem\",\"position\":2,\"name\":\"Habitaciones &#038; suites\",\"item\":\"https:\/\/www.villa-artistes.com\/es\/habitaciones-y-suites\/\"},{\"@type\":\"ListItem\",\"position\":3,\"name\":\"Habitaci\u00f3n Cl\u00e1sica\"}]},{\"@type\":\"WebSite\",\"@id\":\"https:\/\/www.villa-artistes.com\/es\/#website\",\"url\":\"https:\/\/www.villa-artistes.com\/es\/\",\"name\":\"Villa des artistes\",\"description\":\"Un site utilisant ms.decms.eu\",\"potentialAction\":[{\"@type\":\"SearchAction\",\"target\":{\"@type\":\"EntryPoint\",\"urlTemplate\":\"https:\/\/www.villa-artistes.com\/es\/?s={search_term_string}\"},\"query-input\":{\"@type\":\"PropertyValueSpecification\",\"valueRequired\":true,\"valueName\":\"search_term_string\"}}],\"inLanguage\":\"es\"}]}<\/script>\n<!-- \/ Yoast SEO plugin. -->","yoast_head_json":{"title":"Habitaci\u00f3n Doble\u2013 Hotel A La Villa des Artistes \u2013 Distrito 6 de Par\u00eds","description":"Una Habitaci\u00f3n Cl\u00e1sica doble con wifi gratis en el hotel de 3 estrellas A La Villa des Artistes, situado cerca de Montparnasse, en el centro de Par\u00eds.","robots":{"index":"index","follow":"follow","max-snippet":"max-snippet:-1","max-image-preview":"max-image-preview:large","max-video-preview":"max-video-preview:-1"},"canonical":"https:\/\/www.villa-artistes.com\/es\/habitaciones-y-suites\/habitacion-clasica\/","og_locale":"es_ES","og_type":"article","og_title":"Habitaci\u00f3n Doble\u2013 Hotel A La Villa des Artistes \u2013 Distrito 6 de Par\u00eds","og_description":"Una Habitaci\u00f3n Cl\u00e1sica doble con wifi gratis en el hotel de 3 estrellas A La Villa des Artistes, situado cerca de Montparnasse, en el centro de Par\u00eds.","og_url":"https:\/\/www.villa-artistes.com\/es\/habitaciones-y-suites\/habitacion-clasica\/","og_site_name":"Villa des artistes","article_modified_time":"2024-10-04T13:28:25+00:00","twitter_card":"summary_large_image","twitter_misc":{"Tiempo de lectura":"1 minuto"},"schema":{"@context":"https:\/\/schema.org","@graph":[{"@type":"WebPage","@id":"https:\/\/www.villa-artistes.com\/es\/habitaciones-y-suites\/habitacion-clasica\/","url":"https:\/\/www.villa-artistes.com\/es\/habitaciones-y-suites\/habitacion-clasica\/","name":"Habitaci\u00f3n Doble\u2013 Hotel A La Villa des Artistes \u2013 Distrito 6 de Par\u00eds","isPartOf":{"@id":"https:\/\/www.villa-artistes.com\/es\/#website"},"datePublished":"2022-02-04T16:53:13+00:00","dateModified":"2024-10-04T13:28:25+00:00","description":"Una Habitaci\u00f3n Cl\u00e1sica doble con wifi gratis en el hotel de 3 estrellas A La Villa des Artistes, situado cerca de Montparnasse, en el centro de Par\u00eds.","breadcrumb":{"@id":"https:\/\/www.villa-artistes.com\/es\/habitaciones-y-suites\/habitacion-clasica\/#breadcrumb"},"inLanguage":"es","potentialAction":[{"@type":"ReadAction","target":["https:\/\/www.villa-artistes.com\/es\/habitaciones-y-suites\/habitacion-clasica\/"]}]},{"@type":"BreadcrumbList","@id":"https:\/\/www.villa-artistes.com\/es\/habitaciones-y-suites\/habitacion-clasica\/#breadcrumb","itemListElement":[{"@type":"ListItem","position":1,"name":"Accueil","item":"https:\/\/www.villa-artistes.com\/es\/"},{"@type":"ListItem","position":2,"name":"Habitaciones &#038; suites","item":"https:\/\/www.villa-artistes.com\/es\/habitaciones-y-suites\/"},{"@type":"ListItem","position":3,"name":"Habitaci\u00f3n Cl\u00e1sica"}]},{"@type":"WebSite","@id":"https:\/\/www.villa-artistes.com\/es\/#website","url":"https:\/\/www.villa-artistes.com\/es\/","name":"Villa des artistes","description":"Un site utilisant ms.decms.eu","potentialAction":[{"@type":"SearchAction","target":{"@type":"EntryPoint","urlTemplate":"https:\/\/www.villa-artistes.com\/es\/?s={search_term_string}"},"query-input":{"@type":"PropertyValueSpecification","valueRequired":true,"valueName":"search_term_string"}}],"inLanguage":"es"}]}},"acf":[],"_links":{"self":[{"href":"https:\/\/www.villa-artistes.com\/es\/wp-json\/wp\/v2\/pages\/316","targetHints":{"allow":["GET"]}}],"collection":[{"href":"https:\/\/www.villa-artistes.com\/es\/wp-json\/wp\/v2\/pages"}],"about":[{"href":"https:\/\/www.villa-artistes.com\/es\/wp-json\/wp\/v2\/types\/page"}],"author":[{"embeddable":true,"href":"https:\/\/www.villa-artistes.com\/es\/wp-json\/wp\/v2\/users\/15"}],"replies":[{"embeddable":true,"href":"https:\/\/www.villa-artistes.com\/es\/wp-json\/wp\/v2\/comments?post=316"}],"version-history":[{"count":0,"href":"https:\/\/www.villa-artistes.com\/es\/wp-json\/wp\/v2\/pages\/316\/revisions"}],"up":[{"embeddable":true,"href":"https:\/\/www.villa-artistes.com\/es\/wp-json\/wp\/v2\/pages\/313"}],"wp:attachment":[{"href":"https:\/\/www.villa-artistes.com\/es\/wp-json\/wp\/v2\/media?parent=316"}],"curies":[{"name":"wp","href":"https:\/\/api.w.org\/{rel}","templated":true}]}}