{"id":313,"date":"2022-02-04T17:37:39","date_gmt":"2022-02-04T16:37:39","guid":{"rendered":"https:\/\/villa-des-artistes.ms.decms.eu\/chambres-et-suites\/"},"modified":"2022-05-17T11:52:57","modified_gmt":"2022-05-17T09:52:57","slug":"habitaciones-y-suites","status":"publish","type":"page","link":"https:\/\/www.villa-artistes.com\/es\/habitaciones-y-suites\/","title":{"rendered":"Habitaciones &#038; suites"},"content":{"rendered":"<p style=\"text-align: center;\">Cada una de nuestras 54 habitaciones y suites cuenta con una decoraci\u00f3n \u00fanica, inspirada en grandes movimientos art\u00edsticos de principios del siglo XX.<\/p>\n<p style=\"text-align: center;\">Admire la distinci\u00f3n que desprenden las formas geom\u00e9tricas del cubismo, los colores vivos y viscerales del fauvismo y las im\u00e1genes on\u00edricas del surrealismo. En la puerta de su habitaci\u00f3n encontrar\u00e1 citas de artistas que amenizar\u00e1n su estancia.<\/p>\n<p style=\"text-align: center;\">Estos detalles art\u00edsticos ofrecen una estancia \u00fanica en nuestro hotel en cada visita, adem\u00e1s de un espacio donde meditar y entregarse a la enso\u00f1aci\u00f3n.<\/p>\n<p style=\"text-align: center;\">El confort de todos nuestros clientes es nuestra prioridad. Por eso, contamos igualmente con tres habitaciones adaptadas a clientes con movilidad reducida que puede reservar en recepci\u00f3n.<\/p>\n","protected":false},"excerpt":{"rendered":"<p>Cada una de nuestras 54 habitaciones y suites cuenta con una decoraci\u00f3n \u00fanica, inspirada en grandes movimientos art\u00edsticos de principios del siglo XX. Admire la distinci\u00f3n que desprenden las formas geom\u00e9tricas del cubismo, los colores vivos y viscerales del fauvismo y las im\u00e1genes on\u00edricas del surrealismo. En la puerta de su habitaci\u00f3n encontrar\u00e1 citas de [&hellip;]<\/p>\n","protected":false},"author":15,"featured_media":0,"parent":0,"menu_order":0,"comment_status":"closed","ping_status":"closed","template":"template-rooms.php","meta":{"footnotes":""},"class_list":["post-313","page","type-page","status-publish","hentry"],"yoast_head":"<!-- This site is optimized with the Yoast SEO plugin v26.9 - https:\/\/yoast.com\/product\/yoast-seo-wordpress\/ -->\n<title>Habitaciones y suites - Villa des Artistes -Hotel c\u00e9ntrico en Par\u00eds<\/title>\n<meta name=\"description\" content=\"Reserve habitaciones o suites tranquilas y con una decoraci\u00f3n art\u00edstica personalizada en este hotel de 3 estrellas del distrito 6 del centro de Par\u00eds, que cuenta con vest\u00edbulo, sala de desayunos y terraza.\" \/>\n<meta name=\"robots\" content=\"index, follow, max-snippet:-1, max-image-preview:large, max-video-preview:-1\" \/>\n<link rel=\"canonical\" href=\"https:\/\/www.villa-artistes.com\/es\/habitaciones-y-suites\/\" \/>\n<meta property=\"og:locale\" content=\"es_ES\" \/>\n<meta property=\"og:type\" content=\"article\" \/>\n<meta property=\"og:title\" content=\"Habitaciones y suites - Villa des Artistes -Hotel c\u00e9ntrico en Par\u00eds\" \/>\n<meta property=\"og:description\" content=\"Reserve habitaciones o suites tranquilas y con una decoraci\u00f3n art\u00edstica personalizada en este hotel de 3 estrellas del distrito 6 del centro de Par\u00eds, que cuenta con vest\u00edbulo, sala de desayunos y terraza.\" \/>\n<meta property=\"og:url\" content=\"https:\/\/www.villa-artistes.com\/es\/habitaciones-y-suites\/\" \/>\n<meta property=\"og:site_name\" content=\"Villa des artistes\" \/>\n<meta property=\"article:modified_time\" content=\"2022-05-17T09:52:57+00:00\" \/>\n<meta name=\"twitter:card\" content=\"summary_large_image\" \/>\n<meta name=\"twitter:label1\" content=\"Tiempo de lectura\" \/>\n\t<meta name=\"twitter:data1\" content=\"1 minuto\" \/>\n<script type=\"application\/ld+json\" class=\"yoast-schema-graph\">{\"@context\":\"https:\/\/schema.org\",\"@graph\":[{\"@type\":\"WebPage\",\"@id\":\"https:\/\/www.villa-artistes.com\/es\/habitaciones-y-suites\/\",\"url\":\"https:\/\/www.villa-artistes.com\/es\/habitaciones-y-suites\/\",\"name\":\"Habitaciones y suites - Villa des Artistes -Hotel c\u00e9ntrico en Par\u00eds\",\"isPartOf\":{\"@id\":\"https:\/\/www.villa-artistes.com\/es\/#website\"},\"datePublished\":\"2022-02-04T16:37:39+00:00\",\"dateModified\":\"2022-05-17T09:52:57+00:00\",\"description\":\"Reserve habitaciones o suites tranquilas y con una decoraci\u00f3n art\u00edstica personalizada en este hotel de 3 estrellas del distrito 6 del centro de Par\u00eds, que cuenta con vest\u00edbulo, sala de desayunos y terraza.\",\"breadcrumb\":{\"@id\":\"https:\/\/www.villa-artistes.com\/es\/habitaciones-y-suites\/#breadcrumb\"},\"inLanguage\":\"es\",\"potentialAction\":[{\"@type\":\"ReadAction\",\"target\":[\"https:\/\/www.villa-artistes.com\/es\/habitaciones-y-suites\/\"]}]},{\"@type\":\"BreadcrumbList\",\"@id\":\"https:\/\/www.villa-artistes.com\/es\/habitaciones-y-suites\/#breadcrumb\",\"itemListElement\":[{\"@type\":\"ListItem\",\"position\":1,\"name\":\"Accueil\",\"item\":\"https:\/\/www.villa-artistes.com\/es\/\"},{\"@type\":\"ListItem\",\"position\":2,\"name\":\"Habitaciones &#038; suites\"}]},{\"@type\":\"WebSite\",\"@id\":\"https:\/\/www.villa-artistes.com\/es\/#website\",\"url\":\"https:\/\/www.villa-artistes.com\/es\/\",\"name\":\"Villa des artistes\",\"description\":\"Un site utilisant ms.decms.eu\",\"potentialAction\":[{\"@type\":\"SearchAction\",\"target\":{\"@type\":\"EntryPoint\",\"urlTemplate\":\"https:\/\/www.villa-artistes.com\/es\/?s={search_term_string}\"},\"query-input\":{\"@type\":\"PropertyValueSpecification\",\"valueRequired\":true,\"valueName\":\"search_term_string\"}}],\"inLanguage\":\"es\"}]}<\/script>\n<!-- \/ Yoast SEO plugin. -->","yoast_head_json":{"title":"Habitaciones y suites - Villa des Artistes -Hotel c\u00e9ntrico en Par\u00eds","description":"Reserve habitaciones o suites tranquilas y con una decoraci\u00f3n art\u00edstica personalizada en este hotel de 3 estrellas del distrito 6 del centro de Par\u00eds, que cuenta con vest\u00edbulo, sala de desayunos y terraza.","robots":{"index":"index","follow":"follow","max-snippet":"max-snippet:-1","max-image-preview":"max-image-preview:large","max-video-preview":"max-video-preview:-1"},"canonical":"https:\/\/www.villa-artistes.com\/es\/habitaciones-y-suites\/","og_locale":"es_ES","og_type":"article","og_title":"Habitaciones y suites - Villa des Artistes -Hotel c\u00e9ntrico en Par\u00eds","og_description":"Reserve habitaciones o suites tranquilas y con una decoraci\u00f3n art\u00edstica personalizada en este hotel de 3 estrellas del distrito 6 del centro de Par\u00eds, que cuenta con vest\u00edbulo, sala de desayunos y terraza.","og_url":"https:\/\/www.villa-artistes.com\/es\/habitaciones-y-suites\/","og_site_name":"Villa des artistes","article_modified_time":"2022-05-17T09:52:57+00:00","twitter_card":"summary_large_image","twitter_misc":{"Tiempo de lectura":"1 minuto"},"schema":{"@context":"https:\/\/schema.org","@graph":[{"@type":"WebPage","@id":"https:\/\/www.villa-artistes.com\/es\/habitaciones-y-suites\/","url":"https:\/\/www.villa-artistes.com\/es\/habitaciones-y-suites\/","name":"Habitaciones y suites - Villa des Artistes -Hotel c\u00e9ntrico en Par\u00eds","isPartOf":{"@id":"https:\/\/www.villa-artistes.com\/es\/#website"},"datePublished":"2022-02-04T16:37:39+00:00","dateModified":"2022-05-17T09:52:57+00:00","description":"Reserve habitaciones o suites tranquilas y con una decoraci\u00f3n art\u00edstica personalizada en este hotel de 3 estrellas del distrito 6 del centro de Par\u00eds, que cuenta con vest\u00edbulo, sala de desayunos y terraza.","breadcrumb":{"@id":"https:\/\/www.villa-artistes.com\/es\/habitaciones-y-suites\/#breadcrumb"},"inLanguage":"es","potentialAction":[{"@type":"ReadAction","target":["https:\/\/www.villa-artistes.com\/es\/habitaciones-y-suites\/"]}]},{"@type":"BreadcrumbList","@id":"https:\/\/www.villa-artistes.com\/es\/habitaciones-y-suites\/#breadcrumb","itemListElement":[{"@type":"ListItem","position":1,"name":"Accueil","item":"https:\/\/www.villa-artistes.com\/es\/"},{"@type":"ListItem","position":2,"name":"Habitaciones &#038; suites"}]},{"@type":"WebSite","@id":"https:\/\/www.villa-artistes.com\/es\/#website","url":"https:\/\/www.villa-artistes.com\/es\/","name":"Villa des artistes","description":"Un site utilisant ms.decms.eu","potentialAction":[{"@type":"SearchAction","target":{"@type":"EntryPoint","urlTemplate":"https:\/\/www.villa-artistes.com\/es\/?s={search_term_string}"},"query-input":{"@type":"PropertyValueSpecification","valueRequired":true,"valueName":"search_term_string"}}],"inLanguage":"es"}]}},"acf":[],"_links":{"self":[{"href":"https:\/\/www.villa-artistes.com\/es\/wp-json\/wp\/v2\/pages\/313","targetHints":{"allow":["GET"]}}],"collection":[{"href":"https:\/\/www.villa-artistes.com\/es\/wp-json\/wp\/v2\/pages"}],"about":[{"href":"https:\/\/www.villa-artistes.com\/es\/wp-json\/wp\/v2\/types\/page"}],"author":[{"embeddable":true,"href":"https:\/\/www.villa-artistes.com\/es\/wp-json\/wp\/v2\/users\/15"}],"replies":[{"embeddable":true,"href":"https:\/\/www.villa-artistes.com\/es\/wp-json\/wp\/v2\/comments?post=313"}],"version-history":[{"count":0,"href":"https:\/\/www.villa-artistes.com\/es\/wp-json\/wp\/v2\/pages\/313\/revisions"}],"wp:attachment":[{"href":"https:\/\/www.villa-artistes.com\/es\/wp-json\/wp\/v2\/media?parent=313"}],"curies":[{"name":"wp","href":"https:\/\/api.w.org\/{rel}","templated":true}]}}