{"id":309,"date":"2021-11-05T12:15:35","date_gmt":"2021-11-05T11:15:35","guid":{"rendered":"https:\/\/villa-des-artistes.ms.decms.eu\/bienvenue\/"},"modified":"2026-02-09T16:35:20","modified_gmt":"2026-02-09T15:35:20","slug":"bienvenue","status":"publish","type":"page","link":"https:\/\/www.villa-artistes.com\/es\/","title":{"rendered":"Hotel A La Villa des Artistes"},"content":{"rendered":"<p style=\"text-align: center\">A La Villa des Artistes es un elegante hotel situado en la vibrante orilla izquierda de Par\u00eds, en el sofisticado distrito 6.<\/p>\n<p style=\"text-align: center\">Se encuentra a unos pasos de las encantadoras brasseries de estilo art d\u00e9co del Boulevard du Montparnasse, de los paseos de los Jardines de Luxemburgo y de las elegantes boutiques de Saint-Germain-des-Pr\u00e9s. Adem\u00e1s, cuenta con varias estaciones de metro cerca, por lo que es muy pr\u00e1ctico para moverse por Par\u00eds.<\/p>\n<p style=\"text-align: center\">Las habitaciones de nuestro hotel de 3\u00a0estrellas, anta\u00f1o frecuentado por grandes artistas como Modigliani, Fitzgerald o Beckett, son un homenaje al Par\u00eds de preguerra, una \u00e9poca que sigue muy viva en su decoraci\u00f3n, pues cada una est\u00e1 ambientada en un movimiento art\u00edstico mediante cuadros de arte contempor\u00e1neo.<\/p>\n<p style=\"text-align: center\">Disfrute tranquilamente del desayuno en nuestro patio de verano o de una copa de champ\u00e1n desde la comodidad del bar en invierno. Tanto si busca una escapada rom\u00e1ntica como si viaja por negocios, nuestra prioridad es su bienestar.<\/p>\n","protected":false},"excerpt":{"rendered":"<p>A La Villa des Artistes es un elegante hotel situado en la vibrante orilla izquierda de Par\u00eds, en el sofisticado distrito 6. Se encuentra a unos pasos de las encantadoras brasseries de estilo art d\u00e9co del Boulevard du Montparnasse, de los paseos de los Jardines de Luxemburgo y de las elegantes boutiques de Saint-Germain-des-Pr\u00e9s. Adem\u00e1s, [&hellip;]<\/p>\n","protected":false},"author":15,"featured_media":0,"parent":0,"menu_order":0,"comment_status":"closed","ping_status":"closed","template":"","meta":{"footnotes":""},"class_list":["post-309","page","type-page","status-publish","hentry"],"yoast_head":"<!-- This site is optimized with the Yoast SEO plugin v26.9 - https:\/\/yoast.com\/product\/yoast-seo-wordpress\/ -->\n<title>A la Villa des Artistes, un hotel de 3 estrellas cerca de Montparnasse<\/title>\n<meta name=\"description\" content=\"El hotel A La Villa des Artistes es un hotel con historia y ambientaci\u00f3n art\u00edstica que se encuentra cerca del Boulevard du Montparnasse y de los Jardines de Luxemburgo, en el distrito 6 del centro de Par\u00eds.\" \/>\n<meta name=\"robots\" content=\"index, follow, max-snippet:-1, max-image-preview:large, max-video-preview:-1\" \/>\n<link rel=\"canonical\" href=\"https:\/\/www.villa-artistes.com\/es\/\" \/>\n<meta property=\"og:locale\" content=\"es_ES\" \/>\n<meta property=\"og:type\" content=\"article\" \/>\n<meta property=\"og:title\" content=\"A la Villa des Artistes, un hotel de 3 estrellas cerca de Montparnasse\" \/>\n<meta property=\"og:description\" content=\"El hotel A La Villa des Artistes es un hotel con historia y ambientaci\u00f3n art\u00edstica que se encuentra cerca del Boulevard du Montparnasse y de los Jardines de Luxemburgo, en el distrito 6 del centro de Par\u00eds.\" \/>\n<meta property=\"og:url\" content=\"https:\/\/www.villa-artistes.com\/es\/\" \/>\n<meta property=\"og:site_name\" content=\"Villa des artistes\" \/>\n<meta property=\"article:modified_time\" content=\"2026-02-09T15:35:20+00:00\" \/>\n<meta name=\"twitter:card\" content=\"summary_large_image\" \/>\n<meta name=\"twitter:label1\" content=\"Tiempo de lectura\" \/>\n\t<meta name=\"twitter:data1\" content=\"1 minuto\" \/>\n<script type=\"application\/ld+json\" class=\"yoast-schema-graph\">{\"@context\":\"https:\/\/schema.org\",\"@graph\":[{\"@type\":\"WebPage\",\"@id\":\"https:\/\/www.villa-artistes.com\/es\/\",\"url\":\"https:\/\/www.villa-artistes.com\/es\/\",\"name\":\"A la Villa des Artistes, un hotel de 3 estrellas cerca de Montparnasse\",\"isPartOf\":{\"@id\":\"https:\/\/www.villa-artistes.com\/es\/#website\"},\"datePublished\":\"2021-11-05T11:15:35+00:00\",\"dateModified\":\"2026-02-09T15:35:20+00:00\",\"description\":\"El hotel A La Villa des Artistes es un hotel con historia y ambientaci\u00f3n art\u00edstica que se encuentra cerca del Boulevard du Montparnasse y de los Jardines de Luxemburgo, en el distrito 6 del centro de Par\u00eds.\",\"breadcrumb\":{\"@id\":\"https:\/\/www.villa-artistes.com\/es\/#breadcrumb\"},\"inLanguage\":\"es\",\"potentialAction\":[{\"@type\":\"ReadAction\",\"target\":[\"https:\/\/www.villa-artistes.com\/es\/\"]}]},{\"@type\":\"BreadcrumbList\",\"@id\":\"https:\/\/www.villa-artistes.com\/es\/#breadcrumb\",\"itemListElement\":[{\"@type\":\"ListItem\",\"position\":1,\"name\":\"Accueil\",\"item\":\"https:\/\/www.villa-artistes.com\/es\/\"},{\"@type\":\"ListItem\",\"position\":2,\"name\":\"Hotel A La Villa des Artistes\"}]},{\"@type\":\"WebSite\",\"@id\":\"https:\/\/www.villa-artistes.com\/es\/#website\",\"url\":\"https:\/\/www.villa-artistes.com\/es\/\",\"name\":\"Villa des artistes\",\"description\":\"Un site utilisant ms.decms.eu\",\"potentialAction\":[{\"@type\":\"SearchAction\",\"target\":{\"@type\":\"EntryPoint\",\"urlTemplate\":\"https:\/\/www.villa-artistes.com\/es\/?s={search_term_string}\"},\"query-input\":{\"@type\":\"PropertyValueSpecification\",\"valueRequired\":true,\"valueName\":\"search_term_string\"}}],\"inLanguage\":\"es\"}]}<\/script>\n<!-- \/ Yoast SEO plugin. -->","yoast_head_json":{"title":"A la Villa des Artistes, un hotel de 3 estrellas cerca de Montparnasse","description":"El hotel A La Villa des Artistes es un hotel con historia y ambientaci\u00f3n art\u00edstica que se encuentra cerca del Boulevard du Montparnasse y de los Jardines de Luxemburgo, en el distrito 6 del centro de Par\u00eds.","robots":{"index":"index","follow":"follow","max-snippet":"max-snippet:-1","max-image-preview":"max-image-preview:large","max-video-preview":"max-video-preview:-1"},"canonical":"https:\/\/www.villa-artistes.com\/es\/","og_locale":"es_ES","og_type":"article","og_title":"A la Villa des Artistes, un hotel de 3 estrellas cerca de Montparnasse","og_description":"El hotel A La Villa des Artistes es un hotel con historia y ambientaci\u00f3n art\u00edstica que se encuentra cerca del Boulevard du Montparnasse y de los Jardines de Luxemburgo, en el distrito 6 del centro de Par\u00eds.","og_url":"https:\/\/www.villa-artistes.com\/es\/","og_site_name":"Villa des artistes","article_modified_time":"2026-02-09T15:35:20+00:00","twitter_card":"summary_large_image","twitter_misc":{"Tiempo de lectura":"1 minuto"},"schema":{"@context":"https:\/\/schema.org","@graph":[{"@type":"WebPage","@id":"https:\/\/www.villa-artistes.com\/es\/","url":"https:\/\/www.villa-artistes.com\/es\/","name":"A la Villa des Artistes, un hotel de 3 estrellas cerca de Montparnasse","isPartOf":{"@id":"https:\/\/www.villa-artistes.com\/es\/#website"},"datePublished":"2021-11-05T11:15:35+00:00","dateModified":"2026-02-09T15:35:20+00:00","description":"El hotel A La Villa des Artistes es un hotel con historia y ambientaci\u00f3n art\u00edstica que se encuentra cerca del Boulevard du Montparnasse y de los Jardines de Luxemburgo, en el distrito 6 del centro de Par\u00eds.","breadcrumb":{"@id":"https:\/\/www.villa-artistes.com\/es\/#breadcrumb"},"inLanguage":"es","potentialAction":[{"@type":"ReadAction","target":["https:\/\/www.villa-artistes.com\/es\/"]}]},{"@type":"BreadcrumbList","@id":"https:\/\/www.villa-artistes.com\/es\/#breadcrumb","itemListElement":[{"@type":"ListItem","position":1,"name":"Accueil","item":"https:\/\/www.villa-artistes.com\/es\/"},{"@type":"ListItem","position":2,"name":"Hotel A La Villa des Artistes"}]},{"@type":"WebSite","@id":"https:\/\/www.villa-artistes.com\/es\/#website","url":"https:\/\/www.villa-artistes.com\/es\/","name":"Villa des artistes","description":"Un site utilisant ms.decms.eu","potentialAction":[{"@type":"SearchAction","target":{"@type":"EntryPoint","urlTemplate":"https:\/\/www.villa-artistes.com\/es\/?s={search_term_string}"},"query-input":{"@type":"PropertyValueSpecification","valueRequired":true,"valueName":"search_term_string"}}],"inLanguage":"es"}]}},"acf":[],"_links":{"self":[{"href":"https:\/\/www.villa-artistes.com\/es\/wp-json\/wp\/v2\/pages\/309","targetHints":{"allow":["GET"]}}],"collection":[{"href":"https:\/\/www.villa-artistes.com\/es\/wp-json\/wp\/v2\/pages"}],"about":[{"href":"https:\/\/www.villa-artistes.com\/es\/wp-json\/wp\/v2\/types\/page"}],"author":[{"embeddable":true,"href":"https:\/\/www.villa-artistes.com\/es\/wp-json\/wp\/v2\/users\/15"}],"replies":[{"embeddable":true,"href":"https:\/\/www.villa-artistes.com\/es\/wp-json\/wp\/v2\/comments?post=309"}],"version-history":[{"count":0,"href":"https:\/\/www.villa-artistes.com\/es\/wp-json\/wp\/v2\/pages\/309\/revisions"}],"wp:attachment":[{"href":"https:\/\/www.villa-artistes.com\/es\/wp-json\/wp\/v2\/media?parent=309"}],"curies":[{"name":"wp","href":"https:\/\/api.w.org\/{rel}","templated":true}]}}