{"id":499,"date":"2026-02-05T16:05:20","date_gmt":"2026-02-05T15:05:20","guid":{"rendered":"https:\/\/www.villa-artistes.com\/faq\/"},"modified":"2026-03-06T14:21:09","modified_gmt":"2026-03-06T13:21:09","slug":"faq","status":"publish","type":"page","link":"https:\/\/www.villa-artistes.com\/en\/faq\/","title":{"rendered":"FAQ"},"content":{"rendered":"<article class=\"text-token-text-primary w-full focus:outline-none [--shadow-height:45px] has-data-writing-block:pointer-events-none has-data-writing-block:-mt-(--shadow-height) has-data-writing-block:pt-(--shadow-height) [&amp;:has([data-writing-block])&gt;*]:pointer-events-auto scroll-mt-(--header-height)\" dir=\"auto\" data-turn-id=\"10600d1e-1b1d-483c-85a5-81c7413681af\" data-testid=\"conversation-turn-1\" data-scroll-anchor=\"false\" data-turn=\"user\"><\/article>\n<article class=\"text-token-text-primary w-full focus:outline-none [--shadow-height:45px] has-data-writing-block:pointer-events-none has-data-writing-block:-mt-(--shadow-height) has-data-writing-block:pt-(--shadow-height) [&amp;:has([data-writing-block])&gt;*]:pointer-events-auto scroll-mt-[calc(var(--header-height)+min(200px,max(70px,20svh)))]\" dir=\"auto\" data-turn-id=\"request-WEB:f3082840-448d-4669-988d-d1f3d429a43e-0\" data-testid=\"conversation-turn-2\" data-scroll-anchor=\"true\" data-turn=\"assistant\">\n<div class=\"text-base my-auto mx-auto pb-10 [--thread-content-margin:var(--thread-content-margin-xs,calc(var(--spacing)*4))] @w-sm\/main:[--thread-content-margin:var(--thread-content-margin-sm,calc(var(--spacing)*6))] @w-lg\/main:[--thread-content-margin:var(--thread-content-margin-lg,calc(var(--spacing)*16))] px-(--thread-content-margin)\">\n<div class=\"[--thread-content-max-width:40rem] @w-lg\/main:[--thread-content-max-width:48rem] mx-auto max-w-(--thread-content-max-width) flex-1 group\/turn-messages focus-visible:outline-hidden relative flex w-full min-w-0 flex-col agent-turn\">\n<div class=\"flex max-w-full flex-col gap-4 grow\">\n<div class=\"min-h-8 text-message relative flex w-full flex-col items-end gap-2 text-start break-words whitespace-normal [.text-message+&amp;]:mt-1\" dir=\"auto\" data-message-author-role=\"assistant\" data-message-id=\"07339a8e-6e39-4ec0-99cc-c496d3ecc8d5\" data-message-model-slug=\"gpt-5-3\">\n<div class=\"flex w-full flex-col gap-1 empty:hidden\">\n<div class=\"markdown prose dark:prose-invert w-full wrap-break-word light markdown-new-styling\">\n<p style=\"text-align: center\" data-start=\"0\" data-end=\"38\"><strong data-start=\"0\" data-end=\"38\">Any questions before your arrival?<\/strong><\/p>\n<p style=\"text-align: center\" data-start=\"40\" data-end=\"112\" data-is-last-node=\"\" data-is-only-node=\"\">Browse our FAQ to plan your stay at <strong data-start=\"76\" data-end=\"101\">La Villa des Artistes<\/strong> with ease.<\/p>\n<\/div>\n<\/div>\n<\/div>\n<\/div>\n<\/div>\n<\/div>\n<\/article>\n","protected":false},"excerpt":{"rendered":"<p>Any questions before your arrival? Browse our FAQ to plan your stay at La Villa des Artistes with ease.<\/p>\n","protected":false},"author":740,"featured_media":0,"parent":0,"menu_order":0,"comment_status":"closed","ping_status":"closed","template":"","meta":{"footnotes":""},"class_list":["post-499","page","type-page","status-publish","hentry"],"yoast_head":"<!-- This site is optimized with the Yoast SEO plugin v26.9 - https:\/\/yoast.com\/product\/yoast-seo-wordpress\/ -->\n<title>FAQ - Villa des artistes<\/title>\n<meta name=\"description\" content=\"Any questions before your arrival? Browse our FAQ to plan your stay at La Villa des Artistes with ease. Pr\u00e9parez votre s\u00e9jour \u00e0 Paris en toute s\u00e9r\u00e9nit\u00e9 : horaires, acc\u00e8s, services, chambres, petit-d\u00e9jeuner et conditions de r\u00e9servation de notre h\u00f4tel.\" \/>\n<meta name=\"robots\" content=\"index, follow, max-snippet:-1, max-image-preview:large, max-video-preview:-1\" \/>\n<link rel=\"canonical\" href=\"https:\/\/www.villa-artistes.com\/en\/faq\/\" \/>\n<meta property=\"og:locale\" content=\"en_US\" \/>\n<meta property=\"og:type\" content=\"article\" \/>\n<meta property=\"og:title\" content=\"FAQ - Villa des artistes\" \/>\n<meta property=\"og:description\" content=\"Any questions before your arrival? Browse our FAQ to plan your stay at La Villa des Artistes with ease. Pr\u00e9parez votre s\u00e9jour \u00e0 Paris en toute s\u00e9r\u00e9nit\u00e9 : horaires, acc\u00e8s, services, chambres, petit-d\u00e9jeuner et conditions de r\u00e9servation de notre h\u00f4tel.\" \/>\n<meta property=\"og:url\" content=\"https:\/\/www.villa-artistes.com\/en\/faq\/\" \/>\n<meta property=\"og:site_name\" content=\"Villa des artistes\" \/>\n<meta property=\"article:modified_time\" content=\"2026-03-06T13:21:09+00:00\" \/>\n<meta name=\"twitter:card\" content=\"summary_large_image\" \/>\n<script type=\"application\/ld+json\" class=\"yoast-schema-graph\">{\"@context\":\"https:\/\/schema.org\",\"@graph\":[{\"@type\":\"WebPage\",\"@id\":\"https:\/\/www.villa-artistes.com\/en\/faq\/\",\"url\":\"https:\/\/www.villa-artistes.com\/en\/faq\/\",\"name\":\"FAQ - Villa des artistes\",\"isPartOf\":{\"@id\":\"https:\/\/www.villa-artistes.com\/en\/#website\"},\"datePublished\":\"2026-02-05T15:05:20+00:00\",\"dateModified\":\"2026-03-06T13:21:09+00:00\",\"description\":\"Any questions before your arrival? Browse our FAQ to plan your stay at La Villa des Artistes with ease. Pr\u00e9parez votre s\u00e9jour \u00e0 Paris en toute s\u00e9r\u00e9nit\u00e9 : horaires, acc\u00e8s, services, chambres, petit-d\u00e9jeuner et conditions de r\u00e9servation de notre h\u00f4tel.\",\"breadcrumb\":{\"@id\":\"https:\/\/www.villa-artistes.com\/en\/faq\/#breadcrumb\"},\"inLanguage\":\"en-US\",\"potentialAction\":[{\"@type\":\"ReadAction\",\"target\":[\"https:\/\/www.villa-artistes.com\/en\/faq\/\"]}]},{\"@type\":\"BreadcrumbList\",\"@id\":\"https:\/\/www.villa-artistes.com\/en\/faq\/#breadcrumb\",\"itemListElement\":[{\"@type\":\"ListItem\",\"position\":1,\"name\":\"Accueil\",\"item\":\"https:\/\/www.villa-artistes.com\/en\/\"},{\"@type\":\"ListItem\",\"position\":2,\"name\":\"FAQ\"}]},{\"@type\":\"WebSite\",\"@id\":\"https:\/\/www.villa-artistes.com\/en\/#website\",\"url\":\"https:\/\/www.villa-artistes.com\/en\/\",\"name\":\"Villa des artistes\",\"description\":\"Un site utilisant ms.decms.eu\",\"potentialAction\":[{\"@type\":\"SearchAction\",\"target\":{\"@type\":\"EntryPoint\",\"urlTemplate\":\"https:\/\/www.villa-artistes.com\/en\/?s={search_term_string}\"},\"query-input\":{\"@type\":\"PropertyValueSpecification\",\"valueRequired\":true,\"valueName\":\"search_term_string\"}}],\"inLanguage\":\"en-US\"}]}<\/script>\n<!-- \/ Yoast SEO plugin. -->","yoast_head_json":{"title":"FAQ - Villa des artistes","description":"Any questions before your arrival? Browse our FAQ to plan your stay at La Villa des Artistes with ease. Pr\u00e9parez votre s\u00e9jour \u00e0 Paris en toute s\u00e9r\u00e9nit\u00e9 : horaires, acc\u00e8s, services, chambres, petit-d\u00e9jeuner et conditions de r\u00e9servation de notre h\u00f4tel.","robots":{"index":"index","follow":"follow","max-snippet":"max-snippet:-1","max-image-preview":"max-image-preview:large","max-video-preview":"max-video-preview:-1"},"canonical":"https:\/\/www.villa-artistes.com\/en\/faq\/","og_locale":"en_US","og_type":"article","og_title":"FAQ - Villa des artistes","og_description":"Any questions before your arrival? Browse our FAQ to plan your stay at La Villa des Artistes with ease. Pr\u00e9parez votre s\u00e9jour \u00e0 Paris en toute s\u00e9r\u00e9nit\u00e9 : horaires, acc\u00e8s, services, chambres, petit-d\u00e9jeuner et conditions de r\u00e9servation de notre h\u00f4tel.","og_url":"https:\/\/www.villa-artistes.com\/en\/faq\/","og_site_name":"Villa des artistes","article_modified_time":"2026-03-06T13:21:09+00:00","twitter_card":"summary_large_image","schema":{"@context":"https:\/\/schema.org","@graph":[{"@type":"WebPage","@id":"https:\/\/www.villa-artistes.com\/en\/faq\/","url":"https:\/\/www.villa-artistes.com\/en\/faq\/","name":"FAQ - Villa des artistes","isPartOf":{"@id":"https:\/\/www.villa-artistes.com\/en\/#website"},"datePublished":"2026-02-05T15:05:20+00:00","dateModified":"2026-03-06T13:21:09+00:00","description":"Any questions before your arrival? Browse our FAQ to plan your stay at La Villa des Artistes with ease. Pr\u00e9parez votre s\u00e9jour \u00e0 Paris en toute s\u00e9r\u00e9nit\u00e9 : horaires, acc\u00e8s, services, chambres, petit-d\u00e9jeuner et conditions de r\u00e9servation de notre h\u00f4tel.","breadcrumb":{"@id":"https:\/\/www.villa-artistes.com\/en\/faq\/#breadcrumb"},"inLanguage":"en-US","potentialAction":[{"@type":"ReadAction","target":["https:\/\/www.villa-artistes.com\/en\/faq\/"]}]},{"@type":"BreadcrumbList","@id":"https:\/\/www.villa-artistes.com\/en\/faq\/#breadcrumb","itemListElement":[{"@type":"ListItem","position":1,"name":"Accueil","item":"https:\/\/www.villa-artistes.com\/en\/"},{"@type":"ListItem","position":2,"name":"FAQ"}]},{"@type":"WebSite","@id":"https:\/\/www.villa-artistes.com\/en\/#website","url":"https:\/\/www.villa-artistes.com\/en\/","name":"Villa des artistes","description":"Un site utilisant ms.decms.eu","potentialAction":[{"@type":"SearchAction","target":{"@type":"EntryPoint","urlTemplate":"https:\/\/www.villa-artistes.com\/en\/?s={search_term_string}"},"query-input":{"@type":"PropertyValueSpecification","valueRequired":true,"valueName":"search_term_string"}}],"inLanguage":"en-US"}]}},"acf":[],"_links":{"self":[{"href":"https:\/\/www.villa-artistes.com\/en\/wp-json\/wp\/v2\/pages\/499","targetHints":{"allow":["GET"]}}],"collection":[{"href":"https:\/\/www.villa-artistes.com\/en\/wp-json\/wp\/v2\/pages"}],"about":[{"href":"https:\/\/www.villa-artistes.com\/en\/wp-json\/wp\/v2\/types\/page"}],"author":[{"embeddable":true,"href":"https:\/\/www.villa-artistes.com\/en\/wp-json\/wp\/v2\/users\/740"}],"replies":[{"embeddable":true,"href":"https:\/\/www.villa-artistes.com\/en\/wp-json\/wp\/v2\/comments?post=499"}],"version-history":[{"count":0,"href":"https:\/\/www.villa-artistes.com\/en\/wp-json\/wp\/v2\/pages\/499\/revisions"}],"wp:attachment":[{"href":"https:\/\/www.villa-artistes.com\/en\/wp-json\/wp\/v2\/media?parent=499"}],"curies":[{"name":"wp","href":"https:\/\/api.w.org\/{rel}","templated":true}]}}